{"id":2254,"date":"2025-04-15T08:15:44","date_gmt":"2025-04-15T08:15:44","guid":{"rendered":"https:\/\/jdlsourcing.com\/?post_type=product&#038;p=2254"},"modified":"2025-12-08T12:37:27","modified_gmt":"2025-12-08T12:37:27","slug":"vetvrij-papier-van-een-merknaam","status":"publish","type":"product","link":"https:\/\/jdlsourcing.com\/nl\/product\/branded-greaseproof-paper\/","title":{"rendered":"Vetvrij papier"},"content":{"rendered":"<h2 data-start=\"257\" data-end=\"286\">Gepersonaliseerd Vetvrij Papier<\/h2>\n<p data-start=\"288\" data-end=\"711\">Upgrade je food presentation met gepersonaliseerd vetvrij papier dat functionaliteit combineert met krachtige branding. Bij JDLSOURCING helpen we je bij het cre\u00ebren van volledig op maat gemaakt vetvrij papier dat de kwaliteit van je verpakking versterkt \u00e9n je gerechten vers, schoon en aantrekkelijk presenteert. Of je nu een deli, caf\u00e9, burgerbar of foodtruck runt \u2013 ons vetvrije papier zorgt ervoor dat jouw verpakking net zo memorabel is als je eten.<\/p>\n<p data-start=\"713\" data-end=\"1081\">Al ons vetvrij papier wordt op maat gemaakt, zodat je volledige controle hebt over het papiertype, de dikte, het formaat en het ontwerp van de bedrukking. Van wit of natuurlijk kraft tot full-colour prints \u2013 elke optie is voedselveilig, vetbestendig en perfect voor het verpakken van alles van sandwiches tot bakwaren. Bovendien bieden we ook andere gepersonaliseerde verpakkingsoplossingen aan om jouw merk extra kracht te geven!<\/p>\n<p data-start=\"713\" data-end=\"1081\">Wat zijn de mogelijkheden?<\/p>\n<ul data-start=\"1132\" data-end=\"1424\">\n<li data-start=\"1132\" data-end=\"1196\">\n<p data-start=\"1134\" data-end=\"1196\">Aangepaste formaten, papiersoorten, afwerkingen en full-color branding<\/p>\n<\/li>\n<li data-start=\"1197\" data-end=\"1268\">\n<p data-start=\"1199\" data-end=\"1268\">Vet- en vochtbestendig voor behoud van voedselkwaliteit en hygi\u00ebne<\/p>\n<\/li>\n<li data-start=\"1269\" data-end=\"1344\">\n<p data-start=\"1271\" data-end=\"1344\">Voeg je logo, berichtgeving, social media gegevens of duurzaamheidspictogrammen toe<\/p>\n<\/li>\n<li data-start=\"1345\" data-end=\"1424\">\n<p data-start=\"1347\" data-end=\"1424\">Ideaal voor caf\u00e9s, bakkerijen, foodtrucks, restaurants en bezorgverpakkingen<\/p>\n<\/li>\n<\/ul>\n<p data-start=\"1426\" data-end=\"1792\">Combineer je vetvrij papier met <a href=\"https:\/\/jdlsourcing.com\/nl\/product\/branded-takeaway-tas\/\">gepersonaliseerde takeaway tassen<\/a> of <a class=\"cursor-pointer\" href=\"https:\/\/jdlsourcing.com\/nl\/product\/gemerkte-hamburger-doosjes\/\" target=\"_new\" rel=\"noopener\" data-start=\"1550\" data-end=\"1629\">gepersonaliseerde hamburger doosjes<\/a> voor een volledige merkervaring in voedselverpakking. Alle producten zijn ontworpen om voedselveiligheid, stapeleffici\u00ebntie en visuele impact tijdens het leveren of uit eten gaan te garanderen.<\/p>\n<p data-start=\"1794\" data-end=\"1962\">Op zoek naar inspiratie in aangepaste verpakkingen? Bezoek <a class=\"\" href=\"https:\/\/nl.pinterest.com\/ideas\/greaseproof-paper-design\/894444961544\/\" target=\"_new\" rel=\"noopener\" data-start=\"1845\" data-end=\"1882\">Pinterest<\/a> voor voorbeelden van creatieve en duurzame verpakkingsidee\u00ebn van over de hele wereld.<\/p>\n<p data-start=\"1964\" data-end=\"2115\">Je eten verdient meer dan een gewone verpakking. Maak een statement met gepersonaliseerd vetvrij papier dat zowel kwaliteit als naamsbekendheid levert bij elke hap.<\/p>","protected":false},"excerpt":{"rendered":"<p data-start=\"163\" data-end=\"293\">Upgrade je verpakking met hoogwaardig gepersonaliseerd vetvrij papier, afgestemd op jouw merk. Ontworpen met oog voor voedselveiligheid en uitstraling \u2013 perfect voor takeaways, bakkerijen en caf\u00e9s. Kies uit milieuvriendelijke materialen, vetbestendige afwerkingen en full-colour bedrukking op maat. Ideaal voor het verpakken van warme of vette gerechten, terwijl je tegelijkertijd je merkidentiteit versterkt.<\/p>","protected":false},"featured_media":2704,"comment_status":"open","ping_status":"closed","template":"","meta":{"_acf_changed":false},"product_brand":[],"product_cat":[46,26,17],"product_tag":[],"class_list":{"0":"post-2254","1":"product","2":"type-product","3":"status-publish","4":"has-post-thumbnail","6":"product_cat-inspired","7":"product_cat-packaging","8":"product_cat-uncategorized","10":"first","11":"instock","12":"shipping-taxable","13":"product-type-simple"},"acf":[],"yoast_head":"<!-- This site is optimized with the Yoast SEO plugin v27.3 - https:\/\/yoast.com\/product\/yoast-seo-wordpress\/ -->\n<title>Branded greaseproof paper - JDLsourcing<\/title>\n<meta name=\"description\" content=\"Branded greaseproof paper by JDLSOURCING. Food-safe, grease-resistant, and customizable\u2014perfect for caf\u00e9s, bakeries, food trucks, and takeaways.\" \/>\n<meta name=\"robots\" content=\"index, follow, max-snippet:-1, max-image-preview:large, max-video-preview:-1\" \/>\n<link rel=\"canonical\" href=\"https:\/\/jdlsourcing.com\/nl\/product\/vetvrij-papier-van-een-merknaam\/\" \/>\n<meta property=\"og:locale\" content=\"nl_NL\" \/>\n<meta property=\"og:type\" content=\"article\" \/>\n<meta property=\"og:title\" content=\"Branded greaseproof paper - JDLsourcing\" \/>\n<meta property=\"og:description\" content=\"Branded greaseproof paper by JDLSOURCING. Food-safe, grease-resistant, and customizable\u2014perfect for caf\u00e9s, bakeries, food trucks, and takeaways.\" \/>\n<meta property=\"og:url\" content=\"https:\/\/jdlsourcing.com\/nl\/product\/vetvrij-papier-van-een-merknaam\/\" \/>\n<meta property=\"og:site_name\" content=\"JDLSOURCING\" \/>\n<meta property=\"article:publisher\" content=\"https:\/\/www.facebook.com\/JDLsourcing\/\" \/>\n<meta property=\"article:modified_time\" content=\"2025-12-08T12:37:27+00:00\" \/>\n<meta property=\"og:image\" content=\"https:\/\/jdlsourcing.com\/wp-content\/uploads\/2025\/04\/IMG_9453-1-scaled.webp\" \/>\n\t<meta property=\"og:image:width\" content=\"2560\" \/>\n\t<meta property=\"og:image:height\" content=\"2560\" \/>\n\t<meta property=\"og:image:type\" content=\"image\/webp\" \/>\n<meta name=\"twitter:card\" content=\"summary_large_image\" \/>\n<meta name=\"twitter:label1\" content=\"Geschatte leestijd\" \/>\n\t<meta name=\"twitter:data1\" content=\"2 minuten\" \/>\n<script type=\"application\/ld+json\" class=\"yoast-schema-graph\">{\"@context\":\"https:\\\/\\\/schema.org\",\"@graph\":[{\"@type\":\"WebPage\",\"@id\":\"https:\\\/\\\/jdlsourcing.com\\\/product\\\/branded-greaseproof-paper\\\/\",\"url\":\"https:\\\/\\\/jdlsourcing.com\\\/product\\\/branded-greaseproof-paper\\\/\",\"name\":\"Branded greaseproof paper - JDLsourcing\",\"isPartOf\":{\"@id\":\"https:\\\/\\\/jdlsourcing.com\\\/en\\\/#website\"},\"primaryImageOfPage\":{\"@id\":\"https:\\\/\\\/jdlsourcing.com\\\/product\\\/branded-greaseproof-paper\\\/#primaryimage\"},\"image\":{\"@id\":\"https:\\\/\\\/jdlsourcing.com\\\/product\\\/branded-greaseproof-paper\\\/#primaryimage\"},\"thumbnailUrl\":\"https:\\\/\\\/jdlsourcing.com\\\/wp-content\\\/uploads\\\/2025\\\/04\\\/IMG_9453-1-scaled.webp\",\"datePublished\":\"2025-04-15T08:15:44+00:00\",\"dateModified\":\"2025-12-08T12:37:27+00:00\",\"description\":\"Branded greaseproof paper by JDLSOURCING. Food-safe, grease-resistant, and customizable\u2014perfect for caf\u00e9s, bakeries, food trucks, and takeaways.\",\"breadcrumb\":{\"@id\":\"https:\\\/\\\/jdlsourcing.com\\\/product\\\/branded-greaseproof-paper\\\/#breadcrumb\"},\"inLanguage\":\"nl-NL\",\"potentialAction\":[{\"@type\":\"ReadAction\",\"target\":[\"https:\\\/\\\/jdlsourcing.com\\\/product\\\/branded-greaseproof-paper\\\/\"]}]},{\"@type\":\"ImageObject\",\"inLanguage\":\"nl-NL\",\"@id\":\"https:\\\/\\\/jdlsourcing.com\\\/product\\\/branded-greaseproof-paper\\\/#primaryimage\",\"url\":\"https:\\\/\\\/jdlsourcing.com\\\/wp-content\\\/uploads\\\/2025\\\/04\\\/IMG_9453-1-scaled.webp\",\"contentUrl\":\"https:\\\/\\\/jdlsourcing.com\\\/wp-content\\\/uploads\\\/2025\\\/04\\\/IMG_9453-1-scaled.webp\",\"width\":2560,\"height\":2560,\"caption\":\"branded greaseproof paper\"},{\"@type\":\"BreadcrumbList\",\"@id\":\"https:\\\/\\\/jdlsourcing.com\\\/product\\\/branded-greaseproof-paper\\\/#breadcrumb\",\"itemListElement\":[{\"@type\":\"ListItem\",\"position\":1,\"name\":\"Home\",\"item\":\"https:\\\/\\\/jdlsourcing.com\\\/\"},{\"@type\":\"ListItem\",\"position\":2,\"name\":\"Shop\",\"item\":\"https:\\\/\\\/jdlsourcing.com\\\/nl\\\/shop\\\/\"},{\"@type\":\"ListItem\",\"position\":3,\"name\":\"Greaseproof paper\"}]},{\"@type\":\"WebSite\",\"@id\":\"https:\\\/\\\/jdlsourcing.com\\\/en\\\/#website\",\"url\":\"https:\\\/\\\/jdlsourcing.com\\\/en\\\/\",\"name\":\"JDLSOURCING\",\"description\":\"Global Sourcing &amp; Manufacturing\",\"publisher\":{\"@id\":\"https:\\\/\\\/jdlsourcing.com\\\/en\\\/#organization\"},\"potentialAction\":[{\"@type\":\"SearchAction\",\"target\":{\"@type\":\"EntryPoint\",\"urlTemplate\":\"https:\\\/\\\/jdlsourcing.com\\\/en\\\/?s={search_term_string}\"},\"query-input\":{\"@type\":\"PropertyValueSpecification\",\"valueRequired\":true,\"valueName\":\"search_term_string\"}}],\"inLanguage\":\"nl-NL\"},{\"@type\":\"Organization\",\"@id\":\"https:\\\/\\\/jdlsourcing.com\\\/en\\\/#organization\",\"name\":\"JDL Sourcing\",\"url\":\"https:\\\/\\\/jdlsourcing.com\\\/en\\\/\",\"logo\":{\"@type\":\"ImageObject\",\"inLanguage\":\"nl-NL\",\"@id\":\"https:\\\/\\\/jdlsourcing.com\\\/en\\\/#\\\/schema\\\/logo\\\/image\\\/\",\"url\":\"https:\\\/\\\/jdlsourcing.com\\\/wp-content\\\/uploads\\\/2025\\\/05\\\/Traced-Image.svg\",\"contentUrl\":\"https:\\\/\\\/jdlsourcing.com\\\/wp-content\\\/uploads\\\/2025\\\/05\\\/Traced-Image.svg\",\"width\":56,\"height\":56,\"caption\":\"JDL Sourcing\"},\"image\":{\"@id\":\"https:\\\/\\\/jdlsourcing.com\\\/en\\\/#\\\/schema\\\/logo\\\/image\\\/\"},\"sameAs\":[\"https:\\\/\\\/www.facebook.com\\\/JDLsourcing\\\/\",\"https:\\\/\\\/www.linkedin.com\\\/company\\\/jdlsourcing\\\/\",\"https:\\\/\\\/www.instagram.com\\\/jdlsourcing\\\/\"]}]}<\/script>\n<!-- \/ Yoast SEO plugin. -->","yoast_head_json":{"title":"Vetvrij papier met merknaam - JDLsourcing","description":"Vetvrij papier van het merk JDLSOURCING. Voedselveilig, vetbestendig en aanpasbaar - perfect voor caf\u00e9s, bakkerijen, foodtrucks en afhaalrestaurants.","robots":{"index":"index","follow":"follow","max-snippet":"max-snippet:-1","max-image-preview":"max-image-preview:large","max-video-preview":"max-video-preview:-1"},"canonical":"https:\/\/jdlsourcing.com\/nl\/product\/vetvrij-papier-van-een-merknaam\/","og_locale":"nl_NL","og_type":"article","og_title":"Branded greaseproof paper - JDLsourcing","og_description":"Branded greaseproof paper by JDLSOURCING. Food-safe, grease-resistant, and customizable\u2014perfect for caf\u00e9s, bakeries, food trucks, and takeaways.","og_url":"https:\/\/jdlsourcing.com\/nl\/product\/vetvrij-papier-van-een-merknaam\/","og_site_name":"JDLSOURCING","article_publisher":"https:\/\/www.facebook.com\/JDLsourcing\/","article_modified_time":"2025-12-08T12:37:27+00:00","og_image":[{"width":2560,"height":2560,"url":"https:\/\/jdlsourcing.com\/wp-content\/uploads\/2025\/04\/IMG_9453-1-scaled.webp","type":"image\/webp"}],"twitter_card":"summary_large_image","twitter_misc":{"Geschatte leestijd":"2 minuten"},"schema":{"@context":"https:\/\/schema.org","@graph":[{"@type":"WebPage","@id":"https:\/\/jdlsourcing.com\/product\/branded-greaseproof-paper\/","url":"https:\/\/jdlsourcing.com\/product\/branded-greaseproof-paper\/","name":"Vetvrij papier met merknaam - JDLsourcing","isPartOf":{"@id":"https:\/\/jdlsourcing.com\/en\/#website"},"primaryImageOfPage":{"@id":"https:\/\/jdlsourcing.com\/product\/branded-greaseproof-paper\/#primaryimage"},"image":{"@id":"https:\/\/jdlsourcing.com\/product\/branded-greaseproof-paper\/#primaryimage"},"thumbnailUrl":"https:\/\/jdlsourcing.com\/wp-content\/uploads\/2025\/04\/IMG_9453-1-scaled.webp","datePublished":"2025-04-15T08:15:44+00:00","dateModified":"2025-12-08T12:37:27+00:00","description":"Vetvrij papier van het merk JDLSOURCING. Voedselveilig, vetbestendig en aanpasbaar - perfect voor caf\u00e9s, bakkerijen, foodtrucks en afhaalrestaurants.","breadcrumb":{"@id":"https:\/\/jdlsourcing.com\/product\/branded-greaseproof-paper\/#breadcrumb"},"inLanguage":"nl-NL","potentialAction":[{"@type":"ReadAction","target":["https:\/\/jdlsourcing.com\/product\/branded-greaseproof-paper\/"]}]},{"@type":"ImageObject","inLanguage":"nl-NL","@id":"https:\/\/jdlsourcing.com\/product\/branded-greaseproof-paper\/#primaryimage","url":"https:\/\/jdlsourcing.com\/wp-content\/uploads\/2025\/04\/IMG_9453-1-scaled.webp","contentUrl":"https:\/\/jdlsourcing.com\/wp-content\/uploads\/2025\/04\/IMG_9453-1-scaled.webp","width":2560,"height":2560,"caption":"branded greaseproof paper"},{"@type":"BreadcrumbList","@id":"https:\/\/jdlsourcing.com\/product\/branded-greaseproof-paper\/#breadcrumb","itemListElement":[{"@type":"ListItem","position":1,"name":"Home","item":"https:\/\/jdlsourcing.com\/"},{"@type":"ListItem","position":2,"name":"Shop","item":"https:\/\/jdlsourcing.com\/nl\/shop\/"},{"@type":"ListItem","position":3,"name":"Greaseproof paper"}]},{"@type":"WebSite","@id":"https:\/\/jdlsourcing.com\/en\/#website","url":"https:\/\/jdlsourcing.com\/en\/","name":"JDLSOURCING","description":"Product sourcing en maatwerk productie","publisher":{"@id":"https:\/\/jdlsourcing.com\/en\/#organization"},"potentialAction":[{"@type":"SearchAction","target":{"@type":"EntryPoint","urlTemplate":"https:\/\/jdlsourcing.com\/en\/?s={search_term_string}"},"query-input":{"@type":"PropertyValueSpecification","valueRequired":true,"valueName":"search_term_string"}}],"inLanguage":"nl-NL"},{"@type":"Organization","@id":"https:\/\/jdlsourcing.com\/en\/#organization","name":"JDL Sourcing","url":"https:\/\/jdlsourcing.com\/en\/","logo":{"@type":"ImageObject","inLanguage":"nl-NL","@id":"https:\/\/jdlsourcing.com\/en\/#\/schema\/logo\/image\/","url":"https:\/\/jdlsourcing.com\/wp-content\/uploads\/2025\/05\/Traced-Image.svg","contentUrl":"https:\/\/jdlsourcing.com\/wp-content\/uploads\/2025\/05\/Traced-Image.svg","width":56,"height":56,"caption":"JDL Sourcing"},"image":{"@id":"https:\/\/jdlsourcing.com\/en\/#\/schema\/logo\/image\/"},"sameAs":["https:\/\/www.facebook.com\/JDLsourcing\/","https:\/\/www.linkedin.com\/company\/jdlsourcing\/","https:\/\/www.instagram.com\/jdlsourcing\/"]}]}},"_links":{"self":[{"href":"https:\/\/jdlsourcing.com\/nl\/wp-json\/wp\/v2\/product\/2254","targetHints":{"allow":["GET"]}}],"collection":[{"href":"https:\/\/jdlsourcing.com\/nl\/wp-json\/wp\/v2\/product"}],"about":[{"href":"https:\/\/jdlsourcing.com\/nl\/wp-json\/wp\/v2\/types\/product"}],"replies":[{"embeddable":true,"href":"https:\/\/jdlsourcing.com\/nl\/wp-json\/wp\/v2\/comments?post=2254"}],"wp:featuredmedia":[{"embeddable":true,"href":"https:\/\/jdlsourcing.com\/nl\/wp-json\/wp\/v2\/media\/2704"}],"wp:attachment":[{"href":"https:\/\/jdlsourcing.com\/nl\/wp-json\/wp\/v2\/media?parent=2254"}],"wp:term":[{"taxonomy":"product_brand","embeddable":true,"href":"https:\/\/jdlsourcing.com\/nl\/wp-json\/wp\/v2\/product_brand?post=2254"},{"taxonomy":"product_cat","embeddable":true,"href":"https:\/\/jdlsourcing.com\/nl\/wp-json\/wp\/v2\/product_cat?post=2254"},{"taxonomy":"product_tag","embeddable":true,"href":"https:\/\/jdlsourcing.com\/nl\/wp-json\/wp\/v2\/product_tag?post=2254"}],"curies":[{"name":"wp","href":"https:\/\/api.w.org\/{rel}","templated":true}]}}