{"id":662,"date":"2025-04-05T05:17:45","date_gmt":"2025-04-05T05:17:45","guid":{"rendered":"https:\/\/jdlsourcing.com\/?post_type=product&#038;p=662"},"modified":"2025-06-10T12:32:08","modified_gmt":"2025-06-10T12:32:08","slug":"eventail-a-main-en-bambou-de-marque","status":"publish","type":"product","link":"https:\/\/jdlsourcing.com\/fr\/product\/eventail-a-main-en-bambou-de-marque\/","title":{"rendered":"Eventail \u00e0 main en bambou"},"content":{"rendered":"<h3 data-start=\"293\" data-end=\"320\">\u00c9ventail \u00e0 main en bambou de marque<\/h3>\n<p data-start=\"322\" data-end=\"705\">Vous cherchez un moyen \u00e9l\u00e9gant et \u00e9cologique de promouvoir votre marque lors d'\u00e9v\u00e9nements se d\u00e9roulant par temps chaud ? Un \u00e9ventail \u00e0 main personnalis\u00e9 en bambou combine des mat\u00e9riaux durables avec un design personnalis\u00e9 \u00e9l\u00e9gant, ce qui en fait un cadeau ou un article de merchandising parfait pour les festivals d'\u00e9t\u00e9, les \u00e9v\u00e9nements de plage, les mariages, et plus encore. Chez JDLSOURCING, nous aidons les marques \u00e0 cr\u00e9er des \u00e9ventails \u00e0 main personnalis\u00e9s qui sont \u00e0 la fois fonctionnels et m\u00e9morables.<\/p>\n<h3 data-start=\"707\" data-end=\"750\">Un style durable avec une touche personnelle<\/h3>\n<p data-start=\"752\" data-end=\"1154\">Fabriqu\u00e9s \u00e0 partir de bambou naturel et de papier ou de tissu de haute qualit\u00e9, nos \u00e9ventails sont l\u00e9gers, durables et enti\u00e8rement personnalisables. Vous pouvez imprimer votre logo, votre \u0153uvre d'art ou le message de votre campagne sur la surface de l'\u00e9ventail ou sur une \u00e9tiquette personnalis\u00e9e. Choisissez parmi diff\u00e9rentes formes, couleurs et styles d'emballage pour correspondre \u00e0 l'identit\u00e9 de votre marque. Les \u00e9ventails peuvent \u00e9galement \u00eatre dot\u00e9s de pochettes de marque ou de bo\u00eetes-cadeaux \u00e9cologiques afin d'am\u00e9liorer leur pr\u00e9sentation.<\/p>\n<p data-start=\"1156\" data-end=\"1529\">Qu'il soit distribu\u00e9 lors d'un \u00e9v\u00e9nement d'entreprise, utilis\u00e9 comme cadeau de mariage ou inclus dans un kit de bienvenue, l'\u00e9ventail \u00e0 main en bambou personnalis\u00e9 est \u00e0 la fois beau et pratique. C'est un moyen id\u00e9al d'associer votre marque \u00e0 la fra\u00eecheur, au confort et aux valeurs \u00e9cologiques. Les \u00e9ventails peuvent \u00e9galement servir de pi\u00e8ces d\u00e9coratives que les participants conserveront et r\u00e9utiliseront longtemps apr\u00e8s l'\u00e9v\u00e9nement.<\/p>\n<p data-start=\"1531\" data-end=\"1781\">De plus, le bambou est biod\u00e9gradable et renouvelable, ce qui fait de cet \u00e9ventail une alternative durable aux cadeaux en plastique. Votre public appr\u00e9ciera la nature r\u00e9fl\u00e9chie et r\u00e9utilisable de cet article, en particulier lorsque les temp\u00e9ratures augmentent ou lors d'\u00e9v\u00e9nements en plein air.<\/p>\n<h3 data-start=\"1783\" data-end=\"1824\">Pourquoi choisir un \u00e9ventail \u00e0 main en bambou avec une marque ?<\/h3>\n<ul data-start=\"1826\" data-end=\"2053\">\n<li data-start=\"1826\" data-end=\"1881\">\n<p data-start=\"1828\" data-end=\"1881\">Enti\u00e8rement personnalisable en termes d'impression, de forme et d'emballage<\/p>\n<\/li>\n<li data-start=\"1882\" data-end=\"1937\">\n<p data-start=\"1884\" data-end=\"1937\">Fabriqu\u00e9 \u00e0 partir de bambou \u00e9cologique et de mat\u00e9riaux de premi\u00e8re qualit\u00e9<\/p>\n<\/li>\n<li data-start=\"1938\" data-end=\"1987\">\n<p data-start=\"1940\" data-end=\"1987\">L\u00e9ger et compact pour une distribution facile<\/p>\n<\/li>\n<li data-start=\"1988\" data-end=\"2053\">\n<p data-start=\"1990\" data-end=\"2053\">Parfait pour les mariages, les \u00e9v\u00e9nements, les festivals ou les promotions de vente au d\u00e9tail.<\/p>\n<\/li>\n<\/ul>\n<h3 data-start=\"2055\" data-end=\"2106\">Associez votre marque de ventilateur \u00e0 un \u00e9quipement d'\u00e9t\u00e9 assorti<\/h3>\n<p data-start=\"2108\" data-end=\"2402\">Associez votre \u00e9ventail en bambou \u00e0 <a href=\"https:\/\/jdlsourcing.com\/fr\/product\/#merch\">marchandises personnalis\u00e9es<\/a> ou <a class=\"cursor-pointer\" href=\"https:\/\/jdlsourcing.com\/fr\/product\/sac-fourre-tout-en-toile-de-marque\/\" target=\"_new\" rel=\"noopener\" data-start=\"2214\" data-end=\"2289\">sacs fourre-tout en toile de coton<\/a> pour un ensemble coh\u00e9rent pr\u00eat pour l'\u00e9t\u00e9. Cela renforce l'impact global de votre campagne et augmente la visibilit\u00e9 de votre marque.<\/p>\n<p data-start=\"2404\" data-end=\"2513\">Besoin d'inspiration visuelle ? Explorez <a class=\"\" href=\"https:\/\/nl.pinterest.com\/search\/pins\/?q=Branded%20Bamboo%20Hand%20Fan&amp;rs=typed\" target=\"_new\" rel=\"noopener\" data-start=\"2437\" data-end=\"2475\">Pinterest<\/a> pour des id\u00e9es cr\u00e9atives de marquage d'\u00e9ventails \u00e0 main.<\/p>\n<p data-start=\"2515\" data-end=\"2654\">En fin de compte, un \u00e9ventail \u00e0 main en bambou personnalis\u00e9 est plus qu'une simple brise - c'est un rappel magnifique et pratique du message et des valeurs de votre marque.<\/p>","protected":false},"excerpt":{"rendered":"<p>Un \u00e9ventail \u00e0 main en bambou est un moyen \u00e9l\u00e9gant et \u00e9cologique de promouvoir votre marque. Fabriqu\u00e9 en bambou durable, il est id\u00e9al pour les \u00e9v\u00e9nements en plein air et les cadeaux publicitaires. Personnalisable avec votre logo et vos couleurs, il est \u00e0 la fois fonctionnel et \u00e9l\u00e9gant. Il est parfait pour laisser une impression durable lors d'\u00e9v\u00e9nements par temps chaud.<\/p>","protected":false},"featured_media":2719,"comment_status":"open","ping_status":"closed","template":"","meta":{"_acf_changed":false},"product_brand":[],"product_cat":[25,17],"product_tag":[],"class_list":{"0":"post-662","1":"product","2":"type-product","3":"status-publish","4":"has-post-thumbnail","6":"product_cat-merchandise","7":"product_cat-uncategorized","9":"first","10":"instock","11":"shipping-taxable","12":"product-type-simple"},"acf":[],"yoast_head":"<!-- This site is optimized with the Yoast SEO plugin v26.5 - https:\/\/yoast.com\/wordpress\/plugins\/seo\/ -->\n<title>Branded bamboo hand fan - JDLsourcing<\/title>\n<meta name=\"description\" content=\"Promote your brand sustainably with a branded bamboo hand fan\u2014customized for summer events, weddings, or eco-friendly giveaways.\" \/>\n<meta name=\"robots\" content=\"index, follow, max-snippet:-1, max-image-preview:large, max-video-preview:-1\" \/>\n<link rel=\"canonical\" href=\"https:\/\/jdlsourcing.com\/fr\/product\/eventail-a-main-en-bambou-de-marque\/\" \/>\n<meta property=\"og:locale\" content=\"fr_FR\" \/>\n<meta property=\"og:type\" content=\"article\" \/>\n<meta property=\"og:title\" content=\"Branded bamboo hand fan - JDLsourcing\" \/>\n<meta property=\"og:description\" content=\"Promote your brand sustainably with a branded bamboo hand fan\u2014customized for summer events, weddings, or eco-friendly giveaways.\" \/>\n<meta property=\"og:url\" content=\"https:\/\/jdlsourcing.com\/fr\/product\/eventail-a-main-en-bambou-de-marque\/\" \/>\n<meta property=\"og:site_name\" content=\"JDLSOURCING\" \/>\n<meta property=\"article:publisher\" content=\"https:\/\/www.facebook.com\/JDLsourcing\/\" \/>\n<meta property=\"article:modified_time\" content=\"2025-06-10T12:32:08+00:00\" \/>\n<meta property=\"og:image\" content=\"https:\/\/jdlsourcing.com\/wp-content\/uploads\/2025\/04\/IMG_9413-3-1-scaled.webp\" \/>\n\t<meta property=\"og:image:width\" content=\"2560\" \/>\n\t<meta property=\"og:image:height\" content=\"2560\" \/>\n\t<meta property=\"og:image:type\" content=\"image\/webp\" \/>\n<meta name=\"twitter:card\" content=\"summary_large_image\" \/>\n<meta name=\"twitter:label1\" content=\"Dur\u00e9e de lecture estim\u00e9e\" \/>\n\t<meta name=\"twitter:data1\" content=\"2 minutes\" \/>\n<script type=\"application\/ld+json\" class=\"yoast-schema-graph\">{\"@context\":\"https:\/\/schema.org\",\"@graph\":[{\"@type\":\"WebPage\",\"@id\":\"https:\/\/jdlsourcing.com\/nl\/product\/bamboe-handventilator-met-merknaam\/\",\"url\":\"https:\/\/jdlsourcing.com\/nl\/product\/bamboe-handventilator-met-merknaam\/\",\"name\":\"Branded bamboo hand fan - JDLsourcing\",\"isPartOf\":{\"@id\":\"https:\/\/jdlsourcing.com\/en\/#website\"},\"primaryImageOfPage\":{\"@id\":\"https:\/\/jdlsourcing.com\/nl\/product\/bamboe-handventilator-met-merknaam\/#primaryimage\"},\"image\":{\"@id\":\"https:\/\/jdlsourcing.com\/nl\/product\/bamboe-handventilator-met-merknaam\/#primaryimage\"},\"thumbnailUrl\":\"https:\/\/jdlsourcing.com\/wp-content\/uploads\/2025\/04\/IMG_9413-3-1-scaled.webp\",\"datePublished\":\"2025-04-05T05:17:45+00:00\",\"dateModified\":\"2025-06-10T12:32:08+00:00\",\"description\":\"Promote your brand sustainably with a branded bamboo hand fan\u2014customized for summer events, weddings, or eco-friendly giveaways.\",\"breadcrumb\":{\"@id\":\"https:\/\/jdlsourcing.com\/nl\/product\/bamboe-handventilator-met-merknaam\/#breadcrumb\"},\"inLanguage\":\"fr-FR\",\"potentialAction\":[{\"@type\":\"ReadAction\",\"target\":[\"https:\/\/jdlsourcing.com\/nl\/product\/bamboe-handventilator-met-merknaam\/\"]}]},{\"@type\":\"ImageObject\",\"inLanguage\":\"fr-FR\",\"@id\":\"https:\/\/jdlsourcing.com\/nl\/product\/bamboe-handventilator-met-merknaam\/#primaryimage\",\"url\":\"https:\/\/jdlsourcing.com\/wp-content\/uploads\/2025\/04\/IMG_9413-3-1-scaled.webp\",\"contentUrl\":\"https:\/\/jdlsourcing.com\/wp-content\/uploads\/2025\/04\/IMG_9413-3-1-scaled.webp\",\"width\":2560,\"height\":2560,\"caption\":\"branded bamboo hand fan\"},{\"@type\":\"BreadcrumbList\",\"@id\":\"https:\/\/jdlsourcing.com\/nl\/product\/bamboe-handventilator-met-merknaam\/#breadcrumb\",\"itemListElement\":[{\"@type\":\"ListItem\",\"position\":1,\"name\":\"Home\",\"item\":\"https:\/\/jdlsourcing.com\/en\/\"},{\"@type\":\"ListItem\",\"position\":2,\"name\":\"Shop\",\"item\":\"https:\/\/jdlsourcing.com\/nl\/shop\/\"},{\"@type\":\"ListItem\",\"position\":3,\"name\":\"Bamboo hand fan\"}]},{\"@type\":\"WebSite\",\"@id\":\"https:\/\/jdlsourcing.com\/en\/#website\",\"url\":\"https:\/\/jdlsourcing.com\/en\/\",\"name\":\"JDLSOURCING\",\"description\":\"Global Sourcing &amp; Manufacturing\",\"publisher\":{\"@id\":\"https:\/\/jdlsourcing.com\/en\/#organization\"},\"potentialAction\":[{\"@type\":\"SearchAction\",\"target\":{\"@type\":\"EntryPoint\",\"urlTemplate\":\"https:\/\/jdlsourcing.com\/en\/?s={search_term_string}\"},\"query-input\":{\"@type\":\"PropertyValueSpecification\",\"valueRequired\":true,\"valueName\":\"search_term_string\"}}],\"inLanguage\":\"fr-FR\"},{\"@type\":\"Organization\",\"@id\":\"https:\/\/jdlsourcing.com\/en\/#organization\",\"name\":\"JDL Sourcing\",\"url\":\"https:\/\/jdlsourcing.com\/en\/\",\"logo\":{\"@type\":\"ImageObject\",\"inLanguage\":\"fr-FR\",\"@id\":\"https:\/\/jdlsourcing.com\/en\/#\/schema\/logo\/image\/\",\"url\":\"https:\/\/jdlsourcing.com\/wp-content\/uploads\/2025\/05\/Traced-Image.svg\",\"contentUrl\":\"https:\/\/jdlsourcing.com\/wp-content\/uploads\/2025\/05\/Traced-Image.svg\",\"width\":56,\"height\":56,\"caption\":\"JDL Sourcing\"},\"image\":{\"@id\":\"https:\/\/jdlsourcing.com\/en\/#\/schema\/logo\/image\/\"},\"sameAs\":[\"https:\/\/www.facebook.com\/JDLsourcing\/\",\"https:\/\/www.linkedin.com\/company\/jdlsourcing\/\",\"https:\/\/www.instagram.com\/jdlsourcing\/\"]}]}<\/script>\n<!-- \/ Yoast SEO plugin. -->","yoast_head_json":{"title":"Eventail \u00e0 main en bambou de marque - JDLsourcing","description":"Faites la promotion de votre marque de mani\u00e8re durable avec un \u00e9ventail \u00e0 main en bambou personnalis\u00e9 pour les \u00e9v\u00e9nements estivaux, les mariages ou les cadeaux publicitaires respectueux de l'environnement.","robots":{"index":"index","follow":"follow","max-snippet":"max-snippet:-1","max-image-preview":"max-image-preview:large","max-video-preview":"max-video-preview:-1"},"canonical":"https:\/\/jdlsourcing.com\/fr\/product\/eventail-a-main-en-bambou-de-marque\/","og_locale":"fr_FR","og_type":"article","og_title":"Branded bamboo hand fan - JDLsourcing","og_description":"Promote your brand sustainably with a branded bamboo hand fan\u2014customized for summer events, weddings, or eco-friendly giveaways.","og_url":"https:\/\/jdlsourcing.com\/fr\/product\/eventail-a-main-en-bambou-de-marque\/","og_site_name":"JDLSOURCING","article_publisher":"https:\/\/www.facebook.com\/JDLsourcing\/","article_modified_time":"2025-06-10T12:32:08+00:00","og_image":[{"width":2560,"height":2560,"url":"https:\/\/jdlsourcing.com\/wp-content\/uploads\/2025\/04\/IMG_9413-3-1-scaled.webp","type":"image\/webp"}],"twitter_card":"summary_large_image","twitter_misc":{"Dur\u00e9e de lecture estim\u00e9e":"2 minutes"},"schema":{"@context":"https:\/\/schema.org","@graph":[{"@type":"WebPage","@id":"https:\/\/jdlsourcing.com\/nl\/product\/bamboe-handventilator-met-merknaam\/","url":"https:\/\/jdlsourcing.com\/nl\/product\/bamboe-handventilator-met-merknaam\/","name":"Eventail \u00e0 main en bambou de marque - JDLsourcing","isPartOf":{"@id":"https:\/\/jdlsourcing.com\/en\/#website"},"primaryImageOfPage":{"@id":"https:\/\/jdlsourcing.com\/nl\/product\/bamboe-handventilator-met-merknaam\/#primaryimage"},"image":{"@id":"https:\/\/jdlsourcing.com\/nl\/product\/bamboe-handventilator-met-merknaam\/#primaryimage"},"thumbnailUrl":"https:\/\/jdlsourcing.com\/wp-content\/uploads\/2025\/04\/IMG_9413-3-1-scaled.webp","datePublished":"2025-04-05T05:17:45+00:00","dateModified":"2025-06-10T12:32:08+00:00","description":"Faites la promotion de votre marque de mani\u00e8re durable avec un \u00e9ventail \u00e0 main en bambou personnalis\u00e9 pour les \u00e9v\u00e9nements estivaux, les mariages ou les cadeaux publicitaires respectueux de l'environnement.","breadcrumb":{"@id":"https:\/\/jdlsourcing.com\/nl\/product\/bamboe-handventilator-met-merknaam\/#breadcrumb"},"inLanguage":"fr-FR","potentialAction":[{"@type":"ReadAction","target":["https:\/\/jdlsourcing.com\/nl\/product\/bamboe-handventilator-met-merknaam\/"]}]},{"@type":"ImageObject","inLanguage":"fr-FR","@id":"https:\/\/jdlsourcing.com\/nl\/product\/bamboe-handventilator-met-merknaam\/#primaryimage","url":"https:\/\/jdlsourcing.com\/wp-content\/uploads\/2025\/04\/IMG_9413-3-1-scaled.webp","contentUrl":"https:\/\/jdlsourcing.com\/wp-content\/uploads\/2025\/04\/IMG_9413-3-1-scaled.webp","width":2560,"height":2560,"caption":"branded bamboo hand fan"},{"@type":"BreadcrumbList","@id":"https:\/\/jdlsourcing.com\/nl\/product\/bamboe-handventilator-met-merknaam\/#breadcrumb","itemListElement":[{"@type":"ListItem","position":1,"name":"Home","item":"https:\/\/jdlsourcing.com\/en\/"},{"@type":"ListItem","position":2,"name":"Shop","item":"https:\/\/jdlsourcing.com\/nl\/shop\/"},{"@type":"ListItem","position":3,"name":"Bamboo hand fan"}]},{"@type":"WebSite","@id":"https:\/\/jdlsourcing.com\/en\/#website","url":"https:\/\/jdlsourcing.com\/en\/","name":"JDLSOURCING","description":"Approvisionnement et fabrication \u00e0 l'\u00e9chelle mondiale","publisher":{"@id":"https:\/\/jdlsourcing.com\/en\/#organization"},"potentialAction":[{"@type":"SearchAction","target":{"@type":"EntryPoint","urlTemplate":"https:\/\/jdlsourcing.com\/en\/?s={search_term_string}"},"query-input":{"@type":"PropertyValueSpecification","valueRequired":true,"valueName":"search_term_string"}}],"inLanguage":"fr-FR"},{"@type":"Organization","@id":"https:\/\/jdlsourcing.com\/en\/#organization","name":"JDL Sourcing","url":"https:\/\/jdlsourcing.com\/en\/","logo":{"@type":"ImageObject","inLanguage":"fr-FR","@id":"https:\/\/jdlsourcing.com\/en\/#\/schema\/logo\/image\/","url":"https:\/\/jdlsourcing.com\/wp-content\/uploads\/2025\/05\/Traced-Image.svg","contentUrl":"https:\/\/jdlsourcing.com\/wp-content\/uploads\/2025\/05\/Traced-Image.svg","width":56,"height":56,"caption":"JDL Sourcing"},"image":{"@id":"https:\/\/jdlsourcing.com\/en\/#\/schema\/logo\/image\/"},"sameAs":["https:\/\/www.facebook.com\/JDLsourcing\/","https:\/\/www.linkedin.com\/company\/jdlsourcing\/","https:\/\/www.instagram.com\/jdlsourcing\/"]}]}},"_links":{"self":[{"href":"https:\/\/jdlsourcing.com\/fr\/wp-json\/wp\/v2\/product\/662","targetHints":{"allow":["GET"]}}],"collection":[{"href":"https:\/\/jdlsourcing.com\/fr\/wp-json\/wp\/v2\/product"}],"about":[{"href":"https:\/\/jdlsourcing.com\/fr\/wp-json\/wp\/v2\/types\/product"}],"replies":[{"embeddable":true,"href":"https:\/\/jdlsourcing.com\/fr\/wp-json\/wp\/v2\/comments?post=662"}],"wp:featuredmedia":[{"embeddable":true,"href":"https:\/\/jdlsourcing.com\/fr\/wp-json\/wp\/v2\/media\/2719"}],"wp:attachment":[{"href":"https:\/\/jdlsourcing.com\/fr\/wp-json\/wp\/v2\/media?parent=662"}],"wp:term":[{"taxonomy":"product_brand","embeddable":true,"href":"https:\/\/jdlsourcing.com\/fr\/wp-json\/wp\/v2\/product_brand?post=662"},{"taxonomy":"product_cat","embeddable":true,"href":"https:\/\/jdlsourcing.com\/fr\/wp-json\/wp\/v2\/product_cat?post=662"},{"taxonomy":"product_tag","embeddable":true,"href":"https:\/\/jdlsourcing.com\/fr\/wp-json\/wp\/v2\/product_tag?post=662"}],"curies":[{"name":"wp","href":"https:\/\/api.w.org\/{rel}","templated":true}]}}