{"id":6454,"date":"2025-12-08T12:46:47","date_gmt":"2025-12-08T12:46:47","guid":{"rendered":"https:\/\/jdlsourcing.com\/?post_type=product&#038;p=6454"},"modified":"2025-12-09T13:12:26","modified_gmt":"2025-12-09T13:12:26","slug":"chaussettes-personnalisees","status":"publish","type":"product","link":"https:\/\/jdlsourcing.com\/fr\/product\/chaussettes-personnalisees\/","title":{"rendered":"Chaussettes sur mesure"},"content":{"rendered":"<h3 data-start=\"102\" data-end=\"164\">Chaussettes personnalis\u00e9es de qualit\u00e9 sup\u00e9rieure pour les marques, le commerce de d\u00e9tail et les marchandises<\/h3>\n<p data-start=\"166\" data-end=\"566\">Vous cherchez un produit pratique et \u00e0 fort impact pour repr\u00e9senter votre marque ? Nos chaussettes personnalis\u00e9es sont con\u00e7ues pour les marques de mode, les cr\u00e9ateurs de produits d\u00e9riv\u00e9s et les d\u00e9taillants qui souhaitent combiner le confort avec une image de marque forte. Que vous lanciez une collection streetwear, que vous cr\u00e9iez des marchandises pour un \u00e9v\u00e9nement ou que vous ajoutiez des accessoires \u00e0 votre ligne de vente, ces chaussettes personnalis\u00e9es vous permettent de porter votre marque tous les jours tout en lui donnant une forte visibilit\u00e9.<\/p>\n<p data-start=\"568\" data-end=\"967\">Chaque paire de chaussettes est fabriqu\u00e9e sur commande, ce qui vous permet de contr\u00f4ler enti\u00e8rement le design, les couleurs, l'emplacement des motifs, la mati\u00e8re et la coupe. Choisissez parmi les m\u00e9langes de coton, le bambou, les fils recycl\u00e9s ou les tissus performants. Les options comprennent des chaussettes d'\u00e9quipe, des chaussettes de cheville, des chaussettes de sport et des chaussettes habill\u00e9es. Votre logo ou votre dessin peut \u00eatre ajout\u00e9 par tricotage jacquard, broderie ou motifs tricot\u00e9s sur toute la surface pour une finition propre et durable.<\/p>\n<h3 data-start=\"969\" data-end=\"996\">Adapt\u00e9 \u00e0 votre marque<\/h3>\n<p data-start=\"998\" data-end=\"1346\">Nous ne fournissons pas d'\u00e9bauches. Chaque chaussette personnalis\u00e9e est produite \u00e0 partir de z\u00e9ro sur la base de vos sp\u00e9cifications. Cela vous permet de contr\u00f4ler l'ensemble de l'aspect et de la sensation, de l'\u00e9paisseur et de l'\u00e9lasticit\u00e9 du tissu \u00e0 la position de la marque et \u00e0 l'emballage. Ajoutez des bandes ventrales, des cartes d'en-t\u00eate, des sacs en poly\u00e9thyl\u00e8ne ou des bo\u00eetes personnalis\u00e9es pour compl\u00e9ter votre produit et renforcer la pr\u00e9sentation de votre marque.<\/p>\n<p data-start=\"1348\" data-end=\"1553\">Associez vos chaussettes personnalis\u00e9es \u00e0 nos sweats \u00e0 capuche, t-shirts, bonnets ou casquettes pour obtenir une collection de marque compl\u00e8te, ou explorez notre page de production de marchandises pour d\u00e9couvrir d'autres articles que vous pouvez cr\u00e9er sous votre propre marque.<\/p>\n<h3 data-start=\"1555\" data-end=\"1569\">Id\u00e9al pour :<\/h3>\n<ul data-start=\"1571\" data-end=\"1724\">\n<li data-start=\"1571\" data-end=\"1604\">\n<p data-start=\"1573\" data-end=\"1604\">Streetwear et marques de mode<\/p>\n<\/li>\n<li data-start=\"1605\" data-end=\"1641\">\n<p data-start=\"1607\" data-end=\"1641\">Marchandises et promotions pour les \u00e9v\u00e9nements<\/p>\n<\/li>\n<li data-start=\"1642\" data-end=\"1683\">\n<p data-start=\"1644\" data-end=\"1683\">Cadeaux d'entreprise et cadeaux de marque<\/p>\n<\/li>\n<li data-start=\"1684\" data-end=\"1724\">\n<p data-start=\"1686\" data-end=\"1724\">Collections de d\u00e9tail et magasins en ligne<\/p>\n<\/li>\n<\/ul>\n<p data-start=\"1726\" data-end=\"1839\">Pour conna\u00eetre les tendances en mati\u00e8re de conception de chaussettes et d'accessoires de streetwear, consultez cet article de Highsnobiety sur les tendances en mati\u00e8re de streetwear.<\/p>\n<p data-start=\"1841\" data-end=\"1989\">Pr\u00eat \u00e0 cr\u00e9er vos propres chaussettes personnalis\u00e9es ? Laissez-nous vous aider \u00e0 transformer votre design en un produit de haute qualit\u00e9 avec une personnalisation compl\u00e8te et une production fiable.<\/p>","protected":false},"excerpt":{"rendered":"<p data-start=\"205\" data-end=\"279\">Cr\u00e9ez vos propres chaussettes personnalis\u00e9es, produites sur commande avec un contr\u00f4le total sur le tissu, la coupe, les couleurs et la marque. Parfaites pour les marques de mode, les marchandises \u00e9v\u00e9nementielles, les cadeaux d'entreprise et les collections de d\u00e9tail. Con\u00e7ues pour le confort, la durabilit\u00e9 et une forte visibilit\u00e9 de la marque.<\/p>","protected":false},"featured_media":6455,"comment_status":"open","ping_status":"closed","template":"","meta":{"_acf_changed":false},"product_brand":[],"product_cat":[25,17],"product_tag":[],"class_list":{"0":"post-6454","1":"product","2":"type-product","3":"status-publish","4":"has-post-thumbnail","6":"product_cat-merchandise","7":"product_cat-uncategorized","9":"first","10":"instock","11":"shipping-taxable","12":"product-type-simple"},"acf":[],"yoast_head":"<!-- This site is optimized with the Yoast SEO plugin v26.5 - https:\/\/yoast.com\/wordpress\/plugins\/seo\/ -->\n<title>Custom socks - JDLSOURCING<\/title>\n<meta name=\"description\" content=\"Design your custom socks with full control over fabric, colors, fit, and branding. Ideal for fashion brands, merch, and promotions.\" \/>\n<meta name=\"robots\" content=\"index, follow, max-snippet:-1, max-image-preview:large, max-video-preview:-1\" \/>\n<link rel=\"canonical\" href=\"https:\/\/jdlsourcing.com\/fr\/product\/chaussettes-personnalisees\/\" \/>\n<meta property=\"og:locale\" content=\"fr_FR\" \/>\n<meta property=\"og:type\" content=\"article\" \/>\n<meta property=\"og:title\" content=\"Custom socks - JDLSOURCING\" \/>\n<meta property=\"og:description\" content=\"Design your custom socks with full control over fabric, colors, fit, and branding. Ideal for fashion brands, merch, and promotions.\" \/>\n<meta property=\"og:url\" content=\"https:\/\/jdlsourcing.com\/fr\/product\/chaussettes-personnalisees\/\" \/>\n<meta property=\"og:site_name\" content=\"JDLSOURCING\" \/>\n<meta property=\"article:publisher\" content=\"https:\/\/www.facebook.com\/JDLsourcing\/\" \/>\n<meta property=\"article:modified_time\" content=\"2025-12-09T13:12:26+00:00\" \/>\n<meta property=\"og:image\" content=\"https:\/\/jdlsourcing.com\/wp-content\/uploads\/2025\/12\/Mag-je-toevoegen-aan-socks.jpg\" \/>\n\t<meta property=\"og:image:width\" content=\"1280\" \/>\n\t<meta property=\"og:image:height\" content=\"1920\" \/>\n\t<meta property=\"og:image:type\" content=\"image\/jpeg\" \/>\n<meta name=\"twitter:card\" content=\"summary_large_image\" \/>\n<meta name=\"twitter:label1\" content=\"Dur\u00e9e de lecture estim\u00e9e\" \/>\n\t<meta name=\"twitter:data1\" content=\"2 minutes\" \/>\n<script type=\"application\/ld+json\" class=\"yoast-schema-graph\">{\"@context\":\"https:\/\/schema.org\",\"@graph\":[{\"@type\":\"WebPage\",\"@id\":\"https:\/\/jdlsourcing.com\/product\/custom-socks\/\",\"url\":\"https:\/\/jdlsourcing.com\/product\/custom-socks\/\",\"name\":\"Custom socks - JDLSOURCING\",\"isPartOf\":{\"@id\":\"https:\/\/jdlsourcing.com\/en\/#website\"},\"primaryImageOfPage\":{\"@id\":\"https:\/\/jdlsourcing.com\/product\/custom-socks\/#primaryimage\"},\"image\":{\"@id\":\"https:\/\/jdlsourcing.com\/product\/custom-socks\/#primaryimage\"},\"thumbnailUrl\":\"https:\/\/jdlsourcing.com\/wp-content\/uploads\/2025\/12\/Mag-je-toevoegen-aan-socks.jpg\",\"datePublished\":\"2025-12-08T12:46:47+00:00\",\"dateModified\":\"2025-12-09T13:12:26+00:00\",\"description\":\"Design your custom socks with full control over fabric, colors, fit, and branding. Ideal for fashion brands, merch, and promotions.\",\"breadcrumb\":{\"@id\":\"https:\/\/jdlsourcing.com\/product\/custom-socks\/#breadcrumb\"},\"inLanguage\":\"fr-FR\",\"potentialAction\":[{\"@type\":\"ReadAction\",\"target\":[\"https:\/\/jdlsourcing.com\/product\/custom-socks\/\"]}]},{\"@type\":\"ImageObject\",\"inLanguage\":\"fr-FR\",\"@id\":\"https:\/\/jdlsourcing.com\/product\/custom-socks\/#primaryimage\",\"url\":\"https:\/\/jdlsourcing.com\/wp-content\/uploads\/2025\/12\/Mag-je-toevoegen-aan-socks.jpg\",\"contentUrl\":\"https:\/\/jdlsourcing.com\/wp-content\/uploads\/2025\/12\/Mag-je-toevoegen-aan-socks.jpg\",\"width\":1280,\"height\":1920},{\"@type\":\"BreadcrumbList\",\"@id\":\"https:\/\/jdlsourcing.com\/product\/custom-socks\/#breadcrumb\",\"itemListElement\":[{\"@type\":\"ListItem\",\"position\":1,\"name\":\"Home\",\"item\":\"https:\/\/jdlsourcing.com\/en\/\"},{\"@type\":\"ListItem\",\"position\":2,\"name\":\"Shop\",\"item\":\"https:\/\/jdlsourcing.com\/nl\/shop\/\"},{\"@type\":\"ListItem\",\"position\":3,\"name\":\"Custom socks\"}]},{\"@type\":\"WebSite\",\"@id\":\"https:\/\/jdlsourcing.com\/en\/#website\",\"url\":\"https:\/\/jdlsourcing.com\/en\/\",\"name\":\"JDLSOURCING\",\"description\":\"Global Sourcing &amp; Manufacturing\",\"publisher\":{\"@id\":\"https:\/\/jdlsourcing.com\/en\/#organization\"},\"potentialAction\":[{\"@type\":\"SearchAction\",\"target\":{\"@type\":\"EntryPoint\",\"urlTemplate\":\"https:\/\/jdlsourcing.com\/en\/?s={search_term_string}\"},\"query-input\":{\"@type\":\"PropertyValueSpecification\",\"valueRequired\":true,\"valueName\":\"search_term_string\"}}],\"inLanguage\":\"fr-FR\"},{\"@type\":\"Organization\",\"@id\":\"https:\/\/jdlsourcing.com\/en\/#organization\",\"name\":\"JDL Sourcing\",\"url\":\"https:\/\/jdlsourcing.com\/en\/\",\"logo\":{\"@type\":\"ImageObject\",\"inLanguage\":\"fr-FR\",\"@id\":\"https:\/\/jdlsourcing.com\/en\/#\/schema\/logo\/image\/\",\"url\":\"https:\/\/jdlsourcing.com\/wp-content\/uploads\/2025\/05\/Traced-Image.svg\",\"contentUrl\":\"https:\/\/jdlsourcing.com\/wp-content\/uploads\/2025\/05\/Traced-Image.svg\",\"width\":56,\"height\":56,\"caption\":\"JDL Sourcing\"},\"image\":{\"@id\":\"https:\/\/jdlsourcing.com\/en\/#\/schema\/logo\/image\/\"},\"sameAs\":[\"https:\/\/www.facebook.com\/JDLsourcing\/\",\"https:\/\/www.linkedin.com\/company\/jdlsourcing\/\",\"https:\/\/www.instagram.com\/jdlsourcing\/\"]}]}<\/script>\n<!-- \/ Yoast SEO plugin. -->","yoast_head_json":{"title":"Chaussettes personnalis\u00e9es - JDLSOURCING","description":"Concevez vos chaussettes personnalis\u00e9es en contr\u00f4lant totalement le tissu, les couleurs, la coupe et la marque. Id\u00e9al pour les marques de mode, les produits d\u00e9riv\u00e9s et les promotions.","robots":{"index":"index","follow":"follow","max-snippet":"max-snippet:-1","max-image-preview":"max-image-preview:large","max-video-preview":"max-video-preview:-1"},"canonical":"https:\/\/jdlsourcing.com\/fr\/product\/chaussettes-personnalisees\/","og_locale":"fr_FR","og_type":"article","og_title":"Custom socks - JDLSOURCING","og_description":"Design your custom socks with full control over fabric, colors, fit, and branding. Ideal for fashion brands, merch, and promotions.","og_url":"https:\/\/jdlsourcing.com\/fr\/product\/chaussettes-personnalisees\/","og_site_name":"JDLSOURCING","article_publisher":"https:\/\/www.facebook.com\/JDLsourcing\/","article_modified_time":"2025-12-09T13:12:26+00:00","og_image":[{"width":1280,"height":1920,"url":"https:\/\/jdlsourcing.com\/wp-content\/uploads\/2025\/12\/Mag-je-toevoegen-aan-socks.jpg","type":"image\/jpeg"}],"twitter_card":"summary_large_image","twitter_misc":{"Dur\u00e9e de lecture estim\u00e9e":"2 minutes"},"schema":{"@context":"https:\/\/schema.org","@graph":[{"@type":"WebPage","@id":"https:\/\/jdlsourcing.com\/product\/custom-socks\/","url":"https:\/\/jdlsourcing.com\/product\/custom-socks\/","name":"Chaussettes personnalis\u00e9es - JDLSOURCING","isPartOf":{"@id":"https:\/\/jdlsourcing.com\/en\/#website"},"primaryImageOfPage":{"@id":"https:\/\/jdlsourcing.com\/product\/custom-socks\/#primaryimage"},"image":{"@id":"https:\/\/jdlsourcing.com\/product\/custom-socks\/#primaryimage"},"thumbnailUrl":"https:\/\/jdlsourcing.com\/wp-content\/uploads\/2025\/12\/Mag-je-toevoegen-aan-socks.jpg","datePublished":"2025-12-08T12:46:47+00:00","dateModified":"2025-12-09T13:12:26+00:00","description":"Concevez vos chaussettes personnalis\u00e9es en contr\u00f4lant totalement le tissu, les couleurs, la coupe et la marque. Id\u00e9al pour les marques de mode, les produits d\u00e9riv\u00e9s et les promotions.","breadcrumb":{"@id":"https:\/\/jdlsourcing.com\/product\/custom-socks\/#breadcrumb"},"inLanguage":"fr-FR","potentialAction":[{"@type":"ReadAction","target":["https:\/\/jdlsourcing.com\/product\/custom-socks\/"]}]},{"@type":"ImageObject","inLanguage":"fr-FR","@id":"https:\/\/jdlsourcing.com\/product\/custom-socks\/#primaryimage","url":"https:\/\/jdlsourcing.com\/wp-content\/uploads\/2025\/12\/Mag-je-toevoegen-aan-socks.jpg","contentUrl":"https:\/\/jdlsourcing.com\/wp-content\/uploads\/2025\/12\/Mag-je-toevoegen-aan-socks.jpg","width":1280,"height":1920},{"@type":"BreadcrumbList","@id":"https:\/\/jdlsourcing.com\/product\/custom-socks\/#breadcrumb","itemListElement":[{"@type":"ListItem","position":1,"name":"Home","item":"https:\/\/jdlsourcing.com\/en\/"},{"@type":"ListItem","position":2,"name":"Shop","item":"https:\/\/jdlsourcing.com\/nl\/shop\/"},{"@type":"ListItem","position":3,"name":"Custom socks"}]},{"@type":"WebSite","@id":"https:\/\/jdlsourcing.com\/en\/#website","url":"https:\/\/jdlsourcing.com\/en\/","name":"JDLSOURCING","description":"Approvisionnement et fabrication \u00e0 l'\u00e9chelle mondiale","publisher":{"@id":"https:\/\/jdlsourcing.com\/en\/#organization"},"potentialAction":[{"@type":"SearchAction","target":{"@type":"EntryPoint","urlTemplate":"https:\/\/jdlsourcing.com\/en\/?s={search_term_string}"},"query-input":{"@type":"PropertyValueSpecification","valueRequired":true,"valueName":"search_term_string"}}],"inLanguage":"fr-FR"},{"@type":"Organization","@id":"https:\/\/jdlsourcing.com\/en\/#organization","name":"JDL Sourcing","url":"https:\/\/jdlsourcing.com\/en\/","logo":{"@type":"ImageObject","inLanguage":"fr-FR","@id":"https:\/\/jdlsourcing.com\/en\/#\/schema\/logo\/image\/","url":"https:\/\/jdlsourcing.com\/wp-content\/uploads\/2025\/05\/Traced-Image.svg","contentUrl":"https:\/\/jdlsourcing.com\/wp-content\/uploads\/2025\/05\/Traced-Image.svg","width":56,"height":56,"caption":"JDL Sourcing"},"image":{"@id":"https:\/\/jdlsourcing.com\/en\/#\/schema\/logo\/image\/"},"sameAs":["https:\/\/www.facebook.com\/JDLsourcing\/","https:\/\/www.linkedin.com\/company\/jdlsourcing\/","https:\/\/www.instagram.com\/jdlsourcing\/"]}]}},"_links":{"self":[{"href":"https:\/\/jdlsourcing.com\/fr\/wp-json\/wp\/v2\/product\/6454","targetHints":{"allow":["GET"]}}],"collection":[{"href":"https:\/\/jdlsourcing.com\/fr\/wp-json\/wp\/v2\/product"}],"about":[{"href":"https:\/\/jdlsourcing.com\/fr\/wp-json\/wp\/v2\/types\/product"}],"replies":[{"embeddable":true,"href":"https:\/\/jdlsourcing.com\/fr\/wp-json\/wp\/v2\/comments?post=6454"}],"wp:featuredmedia":[{"embeddable":true,"href":"https:\/\/jdlsourcing.com\/fr\/wp-json\/wp\/v2\/media\/6455"}],"wp:attachment":[{"href":"https:\/\/jdlsourcing.com\/fr\/wp-json\/wp\/v2\/media?parent=6454"}],"wp:term":[{"taxonomy":"product_brand","embeddable":true,"href":"https:\/\/jdlsourcing.com\/fr\/wp-json\/wp\/v2\/product_brand?post=6454"},{"taxonomy":"product_cat","embeddable":true,"href":"https:\/\/jdlsourcing.com\/fr\/wp-json\/wp\/v2\/product_cat?post=6454"},{"taxonomy":"product_tag","embeddable":true,"href":"https:\/\/jdlsourcing.com\/fr\/wp-json\/wp\/v2\/product_tag?post=6454"}],"curies":[{"name":"wp","href":"https:\/\/api.w.org\/{rel}","templated":true}]}}