{"id":6421,"date":"2025-12-08T13:35:36","date_gmt":"2025-12-08T13:35:36","guid":{"rendered":"https:\/\/jdlsourcing.com\/?post_type=product&#038;p=6421"},"modified":"2025-12-10T15:09:47","modified_gmt":"2025-12-10T15:09:47","slug":"maison-miniature-en-ceramique-sur-mesure","status":"publish","type":"product","link":"https:\/\/jdlsourcing.com\/fr\/product\/maison-miniature-en-ceramique-sur-mesure\/","title":{"rendered":"Maison miniature en c\u00e9ramique"},"content":{"rendered":"<h3 data-start=\"133\" data-end=\"207\">Maison miniature en c\u00e9ramique de premi\u00e8re qualit\u00e9 fabriqu\u00e9e sur mesure pour les collections d\u00e9coratives<\/h3>\n<p data-start=\"209\" data-end=\"652\">Vous cherchez un objet d\u00e9coratif unique en c\u00e9ramique qui corresponde \u00e0 l'identit\u00e9 de votre marque ? Nos maisons miniatures en c\u00e9ramique sur mesure sont con\u00e7ues pour les marques de style de vie, les d\u00e9taillants et les cr\u00e9atifs qui souhaitent offrir un d\u00e9cor charmant et de haute qualit\u00e9. Qu'il s'agisse de cr\u00e9er une collection saisonni\u00e8re, de lancer une marque de distributeur ou d'ajouter une pi\u00e8ce d\u00e9corative embl\u00e9matique \u00e0 votre magasin, cette maison miniature offre un aspect chaleureux et intemporel avec un fort attrait visuel.<\/p>\n<p data-start=\"654\" data-end=\"1027\">Chaque maison miniature en c\u00e9ramique est fabriqu\u00e9e sur commande, ce qui vous permet de contr\u00f4ler enti\u00e8rement la forme, la taille, la couleur, la finition de l'\u00e9mail et les d\u00e9tails. Vous avez le choix entre des gla\u00e7ures mates ou brillantes, des tons neutres et doux ou des couleurs audacieuses, et vous pouvez personnaliser avec des fen\u00eatres, des portes, des styles de toit ou des \u00e9l\u00e9ments de logo. Toutes les pi\u00e8ces sont cuites \u00e0 haute temp\u00e9rature pour garantir la durabilit\u00e9, la coh\u00e9rence des couleurs et la qualit\u00e9 \u00e0 long terme.<\/p>\n<h3 data-start=\"1029\" data-end=\"1056\">Adapt\u00e9 \u00e0 votre marque<\/h3>\n<p data-start=\"1058\" data-end=\"1431\">Nous ne fournissons pas d'\u00e9bauches. Chaque maison miniature en c\u00e9ramique personnalis\u00e9e est d\u00e9velopp\u00e9e \u00e0 partir de z\u00e9ro sur la base de vos sp\u00e9cifications. Cela vous permet de contr\u00f4ler l'ensemble de la conception, de la silhouette et de la texture de la surface au poids, \u00e0 la finition et \u00e0 l'emballage. Ajoutez des bo\u00eetes-cadeaux marqu\u00e9es, des emballages saisonniers ou des ensembles d\u00e9coratifs assortis pour rehausser votre produit final et cr\u00e9er un fort attrait en rayon.<\/p>\n<p data-start=\"1433\" data-end=\"1660\">Associez vos maisons miniatures en c\u00e9ramique \u00e0 nos bougies en c\u00e9ramique personnalis\u00e9es ou \u00e0 nos accessoires pour la maison afin de cr\u00e9er une collection d\u00e9corative compl\u00e8te, ou explorez notre page de production de marchandises pour d\u00e9couvrir d'autres articles que vous pouvez cr\u00e9er sous votre propre marque.<\/p>\n<h3 data-start=\"1662\" data-end=\"1676\">Id\u00e9al pour :<\/h3>\n<ul data-start=\"1678\" data-end=\"1832\">\n<li data-start=\"1678\" data-end=\"1713\">\n<p data-start=\"1680\" data-end=\"1713\">Marques de d\u00e9coration int\u00e9rieure et de style de vie<\/p>\n<\/li>\n<li data-start=\"1714\" data-end=\"1747\">\n<p data-start=\"1716\" data-end=\"1747\">Boutiques de cadeaux et magasins conceptuels<\/p>\n<\/li>\n<li data-start=\"1748\" data-end=\"1790\">\n<p data-start=\"1750\" data-end=\"1790\">Collections saisonni\u00e8res et f\u00eates de fin d'ann\u00e9e<\/p>\n<\/li>\n<li data-start=\"1791\" data-end=\"1832\">\n<p data-start=\"1793\" data-end=\"1832\">Cadeaux d'entreprise et articles promotionnels<\/p>\n<\/li>\n<\/ul>\n<p data-start=\"1834\" data-end=\"1950\">Pour conna\u00eetre les tendances et l'inspiration en mati\u00e8re de d\u00e9coration et d'am\u00e9nagement int\u00e9rieur en c\u00e9ramique, consultez cet article de Dezeen sur les tendances en mati\u00e8re de c\u00e9ramique.<\/p>\n<p data-start=\"1952\" data-end=\"2133\" data-is-last-node=\"\" data-is-only-node=\"\">Pr\u00eat \u00e0 cr\u00e9er votre propre maison miniature en c\u00e9ramique ? Laissez-nous vous aider \u00e0 transformer votre concept en un produit d\u00e9coratif de haute qualit\u00e9 avec une personnalisation compl\u00e8te et une qualit\u00e9 de production constante.<\/p>","protected":false},"excerpt":{"rendered":"<p data-start=\"205\" data-end=\"279\">Cr\u00e9ez vos propres maisons miniatures en c\u00e9ramique, produites sur commande avec un contr\u00f4le total sur la forme, la couleur, la gla\u00e7ure et les d\u00e9tails. Parfaites pour les marques de d\u00e9coration int\u00e9rieure, les boutiques de cadeaux, les collections saisonni\u00e8res et les pr\u00e9sentoirs de vente au d\u00e9tail. Con\u00e7ues comme des objets d\u00e9coratifs de haute qualit\u00e9, elles ont un aspect propre et haut de gamme.<\/p>","protected":false},"featured_media":6423,"comment_status":"open","ping_status":"closed","template":"","meta":{"_acf_changed":false},"product_brand":[],"product_cat":[25,45,17],"product_tag":[],"class_list":{"0":"post-6421","1":"product","2":"type-product","3":"status-publish","4":"has-post-thumbnail","6":"product_cat-merchandise","7":"product_cat-premiums-2","8":"product_cat-uncategorized","10":"first","11":"instock","12":"shipping-taxable","13":"product-type-simple"},"acf":[],"yoast_head":"<!-- This site is optimized with the Yoast SEO plugin v26.5 - https:\/\/yoast.com\/wordpress\/plugins\/seo\/ -->\n<title>Custom made ceramic miniature house - JDLSOURCING<\/title>\n<meta name=\"description\" content=\"Design your custom made ceramic miniature house with full control over shape, color, glaze and detailing. Ideal for home decor, retail and gifts.\" \/>\n<meta name=\"robots\" content=\"index, follow, max-snippet:-1, max-image-preview:large, max-video-preview:-1\" \/>\n<link rel=\"canonical\" href=\"https:\/\/jdlsourcing.com\/fr\/product\/maison-miniature-en-ceramique-sur-mesure\/\" \/>\n<meta property=\"og:locale\" content=\"fr_FR\" \/>\n<meta property=\"og:type\" content=\"article\" \/>\n<meta property=\"og:title\" content=\"Custom made ceramic miniature house - JDLSOURCING\" \/>\n<meta property=\"og:description\" content=\"Design your custom made ceramic miniature house with full control over shape, color, glaze and detailing. Ideal for home decor, retail and gifts.\" \/>\n<meta property=\"og:url\" content=\"https:\/\/jdlsourcing.com\/fr\/product\/maison-miniature-en-ceramique-sur-mesure\/\" \/>\n<meta property=\"og:site_name\" content=\"JDLSOURCING\" \/>\n<meta property=\"article:publisher\" content=\"https:\/\/www.facebook.com\/JDLsourcing\/\" \/>\n<meta property=\"article:modified_time\" content=\"2025-12-10T15:09:47+00:00\" \/>\n<meta property=\"og:image\" content=\"https:\/\/jdlsourcing.com\/wp-content\/uploads\/2025\/12\/Ceramic-miniature-house-2.jpg\" \/>\n\t<meta property=\"og:image:width\" content=\"1280\" \/>\n\t<meta property=\"og:image:height\" content=\"1920\" \/>\n\t<meta property=\"og:image:type\" content=\"image\/jpeg\" \/>\n<meta name=\"twitter:card\" content=\"summary_large_image\" \/>\n<meta name=\"twitter:label1\" content=\"Dur\u00e9e de lecture estim\u00e9e\" \/>\n\t<meta name=\"twitter:data1\" content=\"2 minutes\" \/>\n<script type=\"application\/ld+json\" class=\"yoast-schema-graph\">{\"@context\":\"https:\/\/schema.org\",\"@graph\":[{\"@type\":\"WebPage\",\"@id\":\"https:\/\/jdlsourcing.com\/product\/custom-made-ceramic-miniature-house\/\",\"url\":\"https:\/\/jdlsourcing.com\/product\/custom-made-ceramic-miniature-house\/\",\"name\":\"Custom made ceramic miniature house - JDLSOURCING\",\"isPartOf\":{\"@id\":\"https:\/\/jdlsourcing.com\/en\/#website\"},\"primaryImageOfPage\":{\"@id\":\"https:\/\/jdlsourcing.com\/product\/custom-made-ceramic-miniature-house\/#primaryimage\"},\"image\":{\"@id\":\"https:\/\/jdlsourcing.com\/product\/custom-made-ceramic-miniature-house\/#primaryimage\"},\"thumbnailUrl\":\"https:\/\/jdlsourcing.com\/wp-content\/uploads\/2025\/12\/Ceramic-miniature-house-2.jpg\",\"datePublished\":\"2025-12-08T13:35:36+00:00\",\"dateModified\":\"2025-12-10T15:09:47+00:00\",\"description\":\"Design your custom made ceramic miniature house with full control over shape, color, glaze and detailing. Ideal for home decor, retail and gifts.\",\"breadcrumb\":{\"@id\":\"https:\/\/jdlsourcing.com\/product\/custom-made-ceramic-miniature-house\/#breadcrumb\"},\"inLanguage\":\"fr-FR\",\"potentialAction\":[{\"@type\":\"ReadAction\",\"target\":[\"https:\/\/jdlsourcing.com\/product\/custom-made-ceramic-miniature-house\/\"]}]},{\"@type\":\"ImageObject\",\"inLanguage\":\"fr-FR\",\"@id\":\"https:\/\/jdlsourcing.com\/product\/custom-made-ceramic-miniature-house\/#primaryimage\",\"url\":\"https:\/\/jdlsourcing.com\/wp-content\/uploads\/2025\/12\/Ceramic-miniature-house-2.jpg\",\"contentUrl\":\"https:\/\/jdlsourcing.com\/wp-content\/uploads\/2025\/12\/Ceramic-miniature-house-2.jpg\",\"width\":1280,\"height\":1920},{\"@type\":\"BreadcrumbList\",\"@id\":\"https:\/\/jdlsourcing.com\/product\/custom-made-ceramic-miniature-house\/#breadcrumb\",\"itemListElement\":[{\"@type\":\"ListItem\",\"position\":1,\"name\":\"Home\",\"item\":\"https:\/\/jdlsourcing.com\/en\/\"},{\"@type\":\"ListItem\",\"position\":2,\"name\":\"Shop\",\"item\":\"https:\/\/jdlsourcing.com\/nl\/shop\/\"},{\"@type\":\"ListItem\",\"position\":3,\"name\":\"Ceramic miniature house\"}]},{\"@type\":\"WebSite\",\"@id\":\"https:\/\/jdlsourcing.com\/en\/#website\",\"url\":\"https:\/\/jdlsourcing.com\/en\/\",\"name\":\"JDLSOURCING\",\"description\":\"Global Sourcing &amp; Manufacturing\",\"publisher\":{\"@id\":\"https:\/\/jdlsourcing.com\/en\/#organization\"},\"potentialAction\":[{\"@type\":\"SearchAction\",\"target\":{\"@type\":\"EntryPoint\",\"urlTemplate\":\"https:\/\/jdlsourcing.com\/en\/?s={search_term_string}\"},\"query-input\":{\"@type\":\"PropertyValueSpecification\",\"valueRequired\":true,\"valueName\":\"search_term_string\"}}],\"inLanguage\":\"fr-FR\"},{\"@type\":\"Organization\",\"@id\":\"https:\/\/jdlsourcing.com\/en\/#organization\",\"name\":\"JDL Sourcing\",\"url\":\"https:\/\/jdlsourcing.com\/en\/\",\"logo\":{\"@type\":\"ImageObject\",\"inLanguage\":\"fr-FR\",\"@id\":\"https:\/\/jdlsourcing.com\/en\/#\/schema\/logo\/image\/\",\"url\":\"https:\/\/jdlsourcing.com\/wp-content\/uploads\/2025\/05\/Traced-Image.svg\",\"contentUrl\":\"https:\/\/jdlsourcing.com\/wp-content\/uploads\/2025\/05\/Traced-Image.svg\",\"width\":56,\"height\":56,\"caption\":\"JDL Sourcing\"},\"image\":{\"@id\":\"https:\/\/jdlsourcing.com\/en\/#\/schema\/logo\/image\/\"},\"sameAs\":[\"https:\/\/www.facebook.com\/JDLsourcing\/\",\"https:\/\/www.linkedin.com\/company\/jdlsourcing\/\",\"https:\/\/www.instagram.com\/jdlsourcing\/\"]}]}<\/script>\n<!-- \/ Yoast SEO plugin. -->","yoast_head_json":{"title":"Maison miniature en c\u00e9ramique sur mesure - JDLSOURCING","description":"Cr\u00e9ez votre maison miniature en c\u00e9ramique sur mesure en contr\u00f4lant totalement la forme, la couleur, la gla\u00e7ure et les d\u00e9tails. Id\u00e9ale pour la d\u00e9coration int\u00e9rieure, la vente au d\u00e9tail et les cadeaux.","robots":{"index":"index","follow":"follow","max-snippet":"max-snippet:-1","max-image-preview":"max-image-preview:large","max-video-preview":"max-video-preview:-1"},"canonical":"https:\/\/jdlsourcing.com\/fr\/product\/maison-miniature-en-ceramique-sur-mesure\/","og_locale":"fr_FR","og_type":"article","og_title":"Custom made ceramic miniature house - JDLSOURCING","og_description":"Design your custom made ceramic miniature house with full control over shape, color, glaze and detailing. Ideal for home decor, retail and gifts.","og_url":"https:\/\/jdlsourcing.com\/fr\/product\/maison-miniature-en-ceramique-sur-mesure\/","og_site_name":"JDLSOURCING","article_publisher":"https:\/\/www.facebook.com\/JDLsourcing\/","article_modified_time":"2025-12-10T15:09:47+00:00","og_image":[{"width":1280,"height":1920,"url":"https:\/\/jdlsourcing.com\/wp-content\/uploads\/2025\/12\/Ceramic-miniature-house-2.jpg","type":"image\/jpeg"}],"twitter_card":"summary_large_image","twitter_misc":{"Dur\u00e9e de lecture estim\u00e9e":"2 minutes"},"schema":{"@context":"https:\/\/schema.org","@graph":[{"@type":"WebPage","@id":"https:\/\/jdlsourcing.com\/product\/custom-made-ceramic-miniature-house\/","url":"https:\/\/jdlsourcing.com\/product\/custom-made-ceramic-miniature-house\/","name":"Maison miniature en c\u00e9ramique sur mesure - JDLSOURCING","isPartOf":{"@id":"https:\/\/jdlsourcing.com\/en\/#website"},"primaryImageOfPage":{"@id":"https:\/\/jdlsourcing.com\/product\/custom-made-ceramic-miniature-house\/#primaryimage"},"image":{"@id":"https:\/\/jdlsourcing.com\/product\/custom-made-ceramic-miniature-house\/#primaryimage"},"thumbnailUrl":"https:\/\/jdlsourcing.com\/wp-content\/uploads\/2025\/12\/Ceramic-miniature-house-2.jpg","datePublished":"2025-12-08T13:35:36+00:00","dateModified":"2025-12-10T15:09:47+00:00","description":"Cr\u00e9ez votre maison miniature en c\u00e9ramique sur mesure en contr\u00f4lant totalement la forme, la couleur, la gla\u00e7ure et les d\u00e9tails. Id\u00e9ale pour la d\u00e9coration int\u00e9rieure, la vente au d\u00e9tail et les cadeaux.","breadcrumb":{"@id":"https:\/\/jdlsourcing.com\/product\/custom-made-ceramic-miniature-house\/#breadcrumb"},"inLanguage":"fr-FR","potentialAction":[{"@type":"ReadAction","target":["https:\/\/jdlsourcing.com\/product\/custom-made-ceramic-miniature-house\/"]}]},{"@type":"ImageObject","inLanguage":"fr-FR","@id":"https:\/\/jdlsourcing.com\/product\/custom-made-ceramic-miniature-house\/#primaryimage","url":"https:\/\/jdlsourcing.com\/wp-content\/uploads\/2025\/12\/Ceramic-miniature-house-2.jpg","contentUrl":"https:\/\/jdlsourcing.com\/wp-content\/uploads\/2025\/12\/Ceramic-miniature-house-2.jpg","width":1280,"height":1920},{"@type":"BreadcrumbList","@id":"https:\/\/jdlsourcing.com\/product\/custom-made-ceramic-miniature-house\/#breadcrumb","itemListElement":[{"@type":"ListItem","position":1,"name":"Home","item":"https:\/\/jdlsourcing.com\/en\/"},{"@type":"ListItem","position":2,"name":"Shop","item":"https:\/\/jdlsourcing.com\/nl\/shop\/"},{"@type":"ListItem","position":3,"name":"Ceramic miniature house"}]},{"@type":"WebSite","@id":"https:\/\/jdlsourcing.com\/en\/#website","url":"https:\/\/jdlsourcing.com\/en\/","name":"JDLSOURCING","description":"Approvisionnement et fabrication \u00e0 l'\u00e9chelle mondiale","publisher":{"@id":"https:\/\/jdlsourcing.com\/en\/#organization"},"potentialAction":[{"@type":"SearchAction","target":{"@type":"EntryPoint","urlTemplate":"https:\/\/jdlsourcing.com\/en\/?s={search_term_string}"},"query-input":{"@type":"PropertyValueSpecification","valueRequired":true,"valueName":"search_term_string"}}],"inLanguage":"fr-FR"},{"@type":"Organization","@id":"https:\/\/jdlsourcing.com\/en\/#organization","name":"JDL Sourcing","url":"https:\/\/jdlsourcing.com\/en\/","logo":{"@type":"ImageObject","inLanguage":"fr-FR","@id":"https:\/\/jdlsourcing.com\/en\/#\/schema\/logo\/image\/","url":"https:\/\/jdlsourcing.com\/wp-content\/uploads\/2025\/05\/Traced-Image.svg","contentUrl":"https:\/\/jdlsourcing.com\/wp-content\/uploads\/2025\/05\/Traced-Image.svg","width":56,"height":56,"caption":"JDL Sourcing"},"image":{"@id":"https:\/\/jdlsourcing.com\/en\/#\/schema\/logo\/image\/"},"sameAs":["https:\/\/www.facebook.com\/JDLsourcing\/","https:\/\/www.linkedin.com\/company\/jdlsourcing\/","https:\/\/www.instagram.com\/jdlsourcing\/"]}]}},"_links":{"self":[{"href":"https:\/\/jdlsourcing.com\/fr\/wp-json\/wp\/v2\/product\/6421","targetHints":{"allow":["GET"]}}],"collection":[{"href":"https:\/\/jdlsourcing.com\/fr\/wp-json\/wp\/v2\/product"}],"about":[{"href":"https:\/\/jdlsourcing.com\/fr\/wp-json\/wp\/v2\/types\/product"}],"replies":[{"embeddable":true,"href":"https:\/\/jdlsourcing.com\/fr\/wp-json\/wp\/v2\/comments?post=6421"}],"wp:featuredmedia":[{"embeddable":true,"href":"https:\/\/jdlsourcing.com\/fr\/wp-json\/wp\/v2\/media\/6423"}],"wp:attachment":[{"href":"https:\/\/jdlsourcing.com\/fr\/wp-json\/wp\/v2\/media?parent=6421"}],"wp:term":[{"taxonomy":"product_brand","embeddable":true,"href":"https:\/\/jdlsourcing.com\/fr\/wp-json\/wp\/v2\/product_brand?post=6421"},{"taxonomy":"product_cat","embeddable":true,"href":"https:\/\/jdlsourcing.com\/fr\/wp-json\/wp\/v2\/product_cat?post=6421"},{"taxonomy":"product_tag","embeddable":true,"href":"https:\/\/jdlsourcing.com\/fr\/wp-json\/wp\/v2\/product_tag?post=6421"}],"curies":[{"name":"wp","href":"https:\/\/api.w.org\/{rel}","templated":true}]}}