{"id":2084,"date":"2025-04-14T14:15:16","date_gmt":"2025-04-14T14:15:16","guid":{"rendered":"https:\/\/jdlsourcing.com\/?post_type=product&#038;p=2084"},"modified":"2025-06-10T11:21:26","modified_gmt":"2025-06-10T11:21:26","slug":"sac-fourre-tout-imprime-personnalise","status":"publish","type":"product","link":"https:\/\/jdlsourcing.com\/fr\/product\/custom-printed-tote-bag\/","title":{"rendered":"Sac fourre-tout en toile"},"content":{"rendered":"<h2 data-start=\"230\" data-end=\"258\">Fourre-tout imprim\u00e9 personnalis\u00e9<\/h2>\n<p data-start=\"804\" data-end=\"1251\">Vous cherchez un moyen \u00e9l\u00e9gant et pratique de mettre en valeur votre marque ? Un fourre-tout imprim\u00e9 personnalis\u00e9 est un objet promotionnel intemporel qui offre une utilit\u00e9 quotidienne et une grande visibilit\u00e9 de la marque. Chez JDLSOURCING, nous aidons les entreprises \u00e0 concevoir des sacs fourre-tout enti\u00e8rement personnalis\u00e9s qui refl\u00e8tent leur identit\u00e9 visuelle et r\u00e9pondent \u00e0 leurs besoins pratiques. Que vous lanciez une collection, participiez \u00e0 un \u00e9v\u00e9nement ou offriez des cadeaux de marque, nos sacs fourre-tout mettent votre logo en mouvement, litt\u00e9ralement.<\/p>\n<p data-start=\"1253\" data-end=\"1669\">Nos sacs fourre-tout sont fabriqu\u00e9s avec des tissus de haute qualit\u00e9 et sont con\u00e7us pour durer. Choisissez parmi une large gamme de dimensions, de styles de poign\u00e9es, de finitions de coutures et d'options de soufflets. Vous pouvez \u00e9galement personnaliser chaque d\u00e9tail, de la couleur du tissu \u00e0 l'emplacement de votre logo, de votre message ou de votre dessin en couleur. Que vous pr\u00e9f\u00e9riez la s\u00e9rigraphie, la broderie ou le transfert num\u00e9rique, votre marque se distinguera par sa clart\u00e9 et son impact.<\/p>\n<p data-start=\"1671\" data-end=\"1862\">Ces sacs fourre-tout sont parfaits pour les magasins de d\u00e9tail, les caf\u00e9s, les \u00e9v\u00e9nements, les cadeaux d'entreprise ou les lancements de produits. Leur construction durable et leur design polyvalent en font un produit favori dans tous les secteurs d'activit\u00e9.<\/p>\n<h3 data-start=\"1506\" data-end=\"1547\">Pourquoi choisir un fourre-tout imprim\u00e9 personnalis\u00e9 ?<\/h3>\n<ul data-start=\"1549\" data-end=\"1895\">\n<li data-start=\"1549\" data-end=\"1648\">\n<p data-start=\"1551\" data-end=\"1648\">Enti\u00e8rement personnalisable : choisissez la taille, la couleur, les coutures, les poign\u00e9es et la m\u00e9thode d'impression.<\/p>\n<\/li>\n<li data-start=\"1649\" data-end=\"1730\">\n<p data-start=\"1651\" data-end=\"1730\">Fabriqu\u00e9 avec des mat\u00e9riaux durables<\/p>\n<\/li>\n<li data-start=\"1731\" data-end=\"1808\">\n<p data-start=\"1733\" data-end=\"1808\">Compatible avec la broderie, la s\u00e9rigraphie ou les impressions num\u00e9riques en couleur<\/p>\n<\/li>\n<li data-start=\"1809\" data-end=\"1895\">\n<p data-start=\"1811\" data-end=\"1895\">Id\u00e9al pour les salons professionnels, la revente au d\u00e9tail, l'h\u00f4tellerie, les marchandises \u00e9v\u00e9nementielles ou les cadeaux publicitaires.<\/p>\n<\/li>\n<\/ul>\n<p data-start=\"1897\" data-end=\"2057\">Vous pouvez am\u00e9liorer l'aspect et la convivialit\u00e9 de votre fourre-tout en y ajoutant des poches int\u00e9rieures, des \u00e9tiquettes personnalis\u00e9es, des fermetures magn\u00e9tiques ou des \u00e9tiquettes tiss\u00e9es. Ces finitions haut de gamme ajoutent de la valeur et font ressortir votre fourre-tout.<\/p>\n<p data-start=\"2065\" data-end=\"2390\">Associez votre sac fourre-tout en toile de marque avec <a class=\"cursor-pointer\" href=\"https:\/\/jdlsourcing.com\/fr\/product\/#apparel\" target=\"_new\" rel=\"noopener\" data-start=\"2108\" data-end=\"2180\">v\u00eatements personnalis\u00e9s<\/a> ou <a class=\"cursor-pointer\" href=\"https:\/\/jdlsourcing.com\/fr\/product\/custom-made-drinking-bottle\/\" target=\"_new\" rel=\"noopener\" data-start=\"2184\" data-end=\"2256\">personnaliser les verres \u00e0 boire<\/a> pour un ensemble promotionnel complet et coh\u00e9rent. Chaque produit est con\u00e7u pour renforcer l'identit\u00e9 de votre marque et refl\u00e9ter vos valeurs.<\/p>\n<p data-start=\"2392\" data-end=\"2525\">Besoin d'id\u00e9es cr\u00e9atives ? Explorez <a class=\"\" href=\"https:\/\/nl.pinterest.com\/search\/pins\/?q=Branded%20Canvas%20Tote%20Bag&amp;rs=typed\" target=\"_new\" rel=\"noopener\" data-start=\"2421\" data-end=\"2459\">Pinterest<\/a> pour d\u00e9couvrir de magnifiques mod\u00e8les de fourre-tout de marque du monde entier.<\/p>\n<p data-start=\"2527\" data-end=\"2652\">Un fourre-tout en toile personnalis\u00e9 bien con\u00e7u permet de transformer les courses quotidiennes en une visibilit\u00e9 durable de la marque, partout o\u00f9 votre client se rend.<\/p>","protected":false},"excerpt":{"rendered":"<p data-start=\"143\" data-end=\"258\">Faites la promotion de votre marque de mani\u00e8re durable avec un sac fourre-tout en toile. Fabriqu\u00e9s en coton et enti\u00e8rement personnalisables, ces sacs r\u00e9utilisables sont id\u00e9aux pour les \u00e9v\u00e9nements, la vente au d\u00e9tail et les cadeaux publicitaires. Choisissez parmi plusieurs tailles, styles de poign\u00e9es et l'impression de votre logo en couleur. Parfait pour les entreprises qui accordent de l'importance \u00e0 la visibilit\u00e9, \u00e0 la fonction et \u00e0 l'image de marque.<\/p>","protected":false},"featured_media":1715,"comment_status":"open","ping_status":"closed","template":"","meta":{"_acf_changed":false},"product_brand":[],"product_cat":[25,17],"product_tag":[],"class_list":{"0":"post-2084","1":"product","2":"type-product","3":"status-publish","4":"has-post-thumbnail","6":"product_cat-merchandise","7":"product_cat-uncategorized","9":"first","10":"instock","11":"shipping-taxable","12":"product-type-simple"},"acf":[],"yoast_head":"<!-- This site is optimized with the Yoast SEO plugin v27.3 - https:\/\/yoast.com\/product\/yoast-seo-wordpress\/ -->\n<title>Custom printed tote bag - Personalized tote bags - JDLsourcing<\/title>\n<meta name=\"description\" content=\"Get your custom printed tote bag produced by JDLsourcing. Reusable, and fully customizable\u2014perfect for events, retail, and brand promotion.\" \/>\n<meta name=\"robots\" content=\"index, follow, max-snippet:-1, max-image-preview:large, max-video-preview:-1\" \/>\n<link rel=\"canonical\" href=\"https:\/\/jdlsourcing.com\/fr\/product\/sac-fourre-tout-imprime-personnalise\/\" \/>\n<meta property=\"og:locale\" content=\"fr_FR\" \/>\n<meta property=\"og:type\" content=\"article\" \/>\n<meta property=\"og:title\" content=\"Custom printed tote bag - Personalized tote bags - JDLsourcing\" \/>\n<meta property=\"og:description\" content=\"Get your custom printed tote bag produced by JDLsourcing. Reusable, and fully customizable\u2014perfect for events, retail, and brand promotion.\" \/>\n<meta property=\"og:url\" content=\"https:\/\/jdlsourcing.com\/fr\/product\/sac-fourre-tout-imprime-personnalise\/\" \/>\n<meta property=\"og:site_name\" content=\"JDLSOURCING\" \/>\n<meta property=\"article:publisher\" content=\"https:\/\/www.facebook.com\/JDLsourcing\/\" \/>\n<meta property=\"article:modified_time\" content=\"2025-06-10T11:21:26+00:00\" \/>\n<meta property=\"og:image\" content=\"https:\/\/jdlsourcing.com\/wp-content\/uploads\/2025\/04\/IMG_9400-scaled.jpg\" \/>\n\t<meta property=\"og:image:width\" content=\"2560\" \/>\n\t<meta property=\"og:image:height\" content=\"2560\" \/>\n\t<meta property=\"og:image:type\" content=\"image\/jpeg\" \/>\n<meta name=\"twitter:card\" content=\"summary_large_image\" \/>\n<meta name=\"twitter:label1\" content=\"Dur\u00e9e de lecture estim\u00e9e\" \/>\n\t<meta name=\"twitter:data1\" content=\"2 minutes\" \/>\n<script type=\"application\/ld+json\" class=\"yoast-schema-graph\">{\"@context\":\"https:\\\/\\\/schema.org\",\"@graph\":[{\"@type\":\"WebPage\",\"@id\":\"https:\\\/\\\/jdlsourcing.com\\\/nl\\\/product\\\/draagtas-met-opdruk-op-maat\\\/\",\"url\":\"https:\\\/\\\/jdlsourcing.com\\\/nl\\\/product\\\/draagtas-met-opdruk-op-maat\\\/\",\"name\":\"Custom printed tote bag - Personalized tote bags - JDLsourcing\",\"isPartOf\":{\"@id\":\"https:\\\/\\\/jdlsourcing.com\\\/en\\\/#website\"},\"primaryImageOfPage\":{\"@id\":\"https:\\\/\\\/jdlsourcing.com\\\/nl\\\/product\\\/draagtas-met-opdruk-op-maat\\\/#primaryimage\"},\"image\":{\"@id\":\"https:\\\/\\\/jdlsourcing.com\\\/nl\\\/product\\\/draagtas-met-opdruk-op-maat\\\/#primaryimage\"},\"thumbnailUrl\":\"https:\\\/\\\/jdlsourcing.com\\\/wp-content\\\/uploads\\\/2025\\\/04\\\/IMG_9400-scaled.jpg\",\"datePublished\":\"2025-04-14T14:15:16+00:00\",\"dateModified\":\"2025-06-10T11:21:26+00:00\",\"description\":\"Get your custom printed tote bag produced by JDLsourcing. Reusable, and fully customizable\u2014perfect for events, retail, and brand promotion.\",\"breadcrumb\":{\"@id\":\"https:\\\/\\\/jdlsourcing.com\\\/nl\\\/product\\\/draagtas-met-opdruk-op-maat\\\/#breadcrumb\"},\"inLanguage\":\"fr-FR\",\"potentialAction\":[{\"@type\":\"ReadAction\",\"target\":[\"https:\\\/\\\/jdlsourcing.com\\\/nl\\\/product\\\/draagtas-met-opdruk-op-maat\\\/\"]}]},{\"@type\":\"ImageObject\",\"inLanguage\":\"fr-FR\",\"@id\":\"https:\\\/\\\/jdlsourcing.com\\\/nl\\\/product\\\/draagtas-met-opdruk-op-maat\\\/#primaryimage\",\"url\":\"https:\\\/\\\/jdlsourcing.com\\\/wp-content\\\/uploads\\\/2025\\\/04\\\/IMG_9400-scaled.jpg\",\"contentUrl\":\"https:\\\/\\\/jdlsourcing.com\\\/wp-content\\\/uploads\\\/2025\\\/04\\\/IMG_9400-scaled.jpg\",\"width\":2560,\"height\":2560,\"caption\":\"branded canvas tote bag\"},{\"@type\":\"BreadcrumbList\",\"@id\":\"https:\\\/\\\/jdlsourcing.com\\\/nl\\\/product\\\/draagtas-met-opdruk-op-maat\\\/#breadcrumb\",\"itemListElement\":[{\"@type\":\"ListItem\",\"position\":1,\"name\":\"Home\",\"item\":\"https:\\\/\\\/jdlsourcing.com\\\/\"},{\"@type\":\"ListItem\",\"position\":2,\"name\":\"Shop\",\"item\":\"https:\\\/\\\/jdlsourcing.com\\\/nl\\\/shop\\\/\"},{\"@type\":\"ListItem\",\"position\":3,\"name\":\"Canvas tote bag\"}]},{\"@type\":\"WebSite\",\"@id\":\"https:\\\/\\\/jdlsourcing.com\\\/en\\\/#website\",\"url\":\"https:\\\/\\\/jdlsourcing.com\\\/en\\\/\",\"name\":\"JDLSOURCING\",\"description\":\"Global Sourcing &amp; Manufacturing\",\"publisher\":{\"@id\":\"https:\\\/\\\/jdlsourcing.com\\\/en\\\/#organization\"},\"potentialAction\":[{\"@type\":\"SearchAction\",\"target\":{\"@type\":\"EntryPoint\",\"urlTemplate\":\"https:\\\/\\\/jdlsourcing.com\\\/en\\\/?s={search_term_string}\"},\"query-input\":{\"@type\":\"PropertyValueSpecification\",\"valueRequired\":true,\"valueName\":\"search_term_string\"}}],\"inLanguage\":\"fr-FR\"},{\"@type\":\"Organization\",\"@id\":\"https:\\\/\\\/jdlsourcing.com\\\/en\\\/#organization\",\"name\":\"JDL Sourcing\",\"url\":\"https:\\\/\\\/jdlsourcing.com\\\/en\\\/\",\"logo\":{\"@type\":\"ImageObject\",\"inLanguage\":\"fr-FR\",\"@id\":\"https:\\\/\\\/jdlsourcing.com\\\/en\\\/#\\\/schema\\\/logo\\\/image\\\/\",\"url\":\"https:\\\/\\\/jdlsourcing.com\\\/wp-content\\\/uploads\\\/2025\\\/05\\\/Traced-Image.svg\",\"contentUrl\":\"https:\\\/\\\/jdlsourcing.com\\\/wp-content\\\/uploads\\\/2025\\\/05\\\/Traced-Image.svg\",\"width\":56,\"height\":56,\"caption\":\"JDL Sourcing\"},\"image\":{\"@id\":\"https:\\\/\\\/jdlsourcing.com\\\/en\\\/#\\\/schema\\\/logo\\\/image\\\/\"},\"sameAs\":[\"https:\\\/\\\/www.facebook.com\\\/JDLsourcing\\\/\",\"https:\\\/\\\/www.linkedin.com\\\/company\\\/jdlsourcing\\\/\",\"https:\\\/\\\/www.instagram.com\\\/jdlsourcing\\\/\"]}]}<\/script>\n<!-- \/ Yoast SEO plugin. -->","yoast_head_json":{"title":"Sac fourre-tout imprim\u00e9 personnalis\u00e9 - Sacs fourre-tout personnalis\u00e9s - JDLsourcing","description":"JDLsourcing produit des sacs fourre-tout imprim\u00e9s sur mesure. R\u00e9utilisable et enti\u00e8rement personnalisable, il est parfait pour les \u00e9v\u00e9nements, la vente au d\u00e9tail et la promotion des marques.","robots":{"index":"index","follow":"follow","max-snippet":"max-snippet:-1","max-image-preview":"max-image-preview:large","max-video-preview":"max-video-preview:-1"},"canonical":"https:\/\/jdlsourcing.com\/fr\/product\/sac-fourre-tout-imprime-personnalise\/","og_locale":"fr_FR","og_type":"article","og_title":"Custom printed tote bag - Personalized tote bags - JDLsourcing","og_description":"Get your custom printed tote bag produced by JDLsourcing. Reusable, and fully customizable\u2014perfect for events, retail, and brand promotion.","og_url":"https:\/\/jdlsourcing.com\/fr\/product\/sac-fourre-tout-imprime-personnalise\/","og_site_name":"JDLSOURCING","article_publisher":"https:\/\/www.facebook.com\/JDLsourcing\/","article_modified_time":"2025-06-10T11:21:26+00:00","og_image":[{"width":2560,"height":2560,"url":"https:\/\/jdlsourcing.com\/wp-content\/uploads\/2025\/04\/IMG_9400-scaled.jpg","type":"image\/jpeg"}],"twitter_card":"summary_large_image","twitter_misc":{"Dur\u00e9e de lecture estim\u00e9e":"2 minutes"},"schema":{"@context":"https:\/\/schema.org","@graph":[{"@type":"WebPage","@id":"https:\/\/jdlsourcing.com\/nl\/product\/draagtas-met-opdruk-op-maat\/","url":"https:\/\/jdlsourcing.com\/nl\/product\/draagtas-met-opdruk-op-maat\/","name":"Sac fourre-tout imprim\u00e9 personnalis\u00e9 - Sacs fourre-tout personnalis\u00e9s - JDLsourcing","isPartOf":{"@id":"https:\/\/jdlsourcing.com\/en\/#website"},"primaryImageOfPage":{"@id":"https:\/\/jdlsourcing.com\/nl\/product\/draagtas-met-opdruk-op-maat\/#primaryimage"},"image":{"@id":"https:\/\/jdlsourcing.com\/nl\/product\/draagtas-met-opdruk-op-maat\/#primaryimage"},"thumbnailUrl":"https:\/\/jdlsourcing.com\/wp-content\/uploads\/2025\/04\/IMG_9400-scaled.jpg","datePublished":"2025-04-14T14:15:16+00:00","dateModified":"2025-06-10T11:21:26+00:00","description":"JDLsourcing produit des sacs fourre-tout imprim\u00e9s sur mesure. R\u00e9utilisable et enti\u00e8rement personnalisable, il est parfait pour les \u00e9v\u00e9nements, la vente au d\u00e9tail et la promotion des marques.","breadcrumb":{"@id":"https:\/\/jdlsourcing.com\/nl\/product\/draagtas-met-opdruk-op-maat\/#breadcrumb"},"inLanguage":"fr-FR","potentialAction":[{"@type":"ReadAction","target":["https:\/\/jdlsourcing.com\/nl\/product\/draagtas-met-opdruk-op-maat\/"]}]},{"@type":"ImageObject","inLanguage":"fr-FR","@id":"https:\/\/jdlsourcing.com\/nl\/product\/draagtas-met-opdruk-op-maat\/#primaryimage","url":"https:\/\/jdlsourcing.com\/wp-content\/uploads\/2025\/04\/IMG_9400-scaled.jpg","contentUrl":"https:\/\/jdlsourcing.com\/wp-content\/uploads\/2025\/04\/IMG_9400-scaled.jpg","width":2560,"height":2560,"caption":"branded canvas tote bag"},{"@type":"BreadcrumbList","@id":"https:\/\/jdlsourcing.com\/nl\/product\/draagtas-met-opdruk-op-maat\/#breadcrumb","itemListElement":[{"@type":"ListItem","position":1,"name":"Home","item":"https:\/\/jdlsourcing.com\/"},{"@type":"ListItem","position":2,"name":"Shop","item":"https:\/\/jdlsourcing.com\/nl\/shop\/"},{"@type":"ListItem","position":3,"name":"Canvas tote bag"}]},{"@type":"WebSite","@id":"https:\/\/jdlsourcing.com\/en\/#website","url":"https:\/\/jdlsourcing.com\/en\/","name":"JDLSOURCING","description":"Approvisionnement et fabrication \u00e0 l'\u00e9chelle mondiale","publisher":{"@id":"https:\/\/jdlsourcing.com\/en\/#organization"},"potentialAction":[{"@type":"SearchAction","target":{"@type":"EntryPoint","urlTemplate":"https:\/\/jdlsourcing.com\/en\/?s={search_term_string}"},"query-input":{"@type":"PropertyValueSpecification","valueRequired":true,"valueName":"search_term_string"}}],"inLanguage":"fr-FR"},{"@type":"Organization","@id":"https:\/\/jdlsourcing.com\/en\/#organization","name":"JDL Sourcing","url":"https:\/\/jdlsourcing.com\/en\/","logo":{"@type":"ImageObject","inLanguage":"fr-FR","@id":"https:\/\/jdlsourcing.com\/en\/#\/schema\/logo\/image\/","url":"https:\/\/jdlsourcing.com\/wp-content\/uploads\/2025\/05\/Traced-Image.svg","contentUrl":"https:\/\/jdlsourcing.com\/wp-content\/uploads\/2025\/05\/Traced-Image.svg","width":56,"height":56,"caption":"JDL Sourcing"},"image":{"@id":"https:\/\/jdlsourcing.com\/en\/#\/schema\/logo\/image\/"},"sameAs":["https:\/\/www.facebook.com\/JDLsourcing\/","https:\/\/www.linkedin.com\/company\/jdlsourcing\/","https:\/\/www.instagram.com\/jdlsourcing\/"]}]}},"_links":{"self":[{"href":"https:\/\/jdlsourcing.com\/fr\/wp-json\/wp\/v2\/product\/2084","targetHints":{"allow":["GET"]}}],"collection":[{"href":"https:\/\/jdlsourcing.com\/fr\/wp-json\/wp\/v2\/product"}],"about":[{"href":"https:\/\/jdlsourcing.com\/fr\/wp-json\/wp\/v2\/types\/product"}],"replies":[{"embeddable":true,"href":"https:\/\/jdlsourcing.com\/fr\/wp-json\/wp\/v2\/comments?post=2084"}],"wp:featuredmedia":[{"embeddable":true,"href":"https:\/\/jdlsourcing.com\/fr\/wp-json\/wp\/v2\/media\/1715"}],"wp:attachment":[{"href":"https:\/\/jdlsourcing.com\/fr\/wp-json\/wp\/v2\/media?parent=2084"}],"wp:term":[{"taxonomy":"product_brand","embeddable":true,"href":"https:\/\/jdlsourcing.com\/fr\/wp-json\/wp\/v2\/product_brand?post=2084"},{"taxonomy":"product_cat","embeddable":true,"href":"https:\/\/jdlsourcing.com\/fr\/wp-json\/wp\/v2\/product_cat?post=2084"},{"taxonomy":"product_tag","embeddable":true,"href":"https:\/\/jdlsourcing.com\/fr\/wp-json\/wp\/v2\/product_tag?post=2084"}],"curies":[{"name":"wp","href":"https:\/\/api.w.org\/{rel}","templated":true}]}}