{"id":2076,"date":"2025-04-14T13:35:22","date_gmt":"2025-04-14T13:35:22","guid":{"rendered":"https:\/\/jdlsourcing.com\/?post_type=product&#038;p=2076"},"modified":"2025-12-08T12:23:42","modified_gmt":"2025-12-08T12:23:42","slug":"bouteille-de-marque","status":"publish","type":"product","link":"https:\/\/jdlsourcing.com\/fr\/product\/branded-drinking-bottle\/","title":{"rendered":"Bouteille \u00e0 boire"},"content":{"rendered":"<h2 data-start=\"202\" data-end=\"228\">Bouteille de marque<\/h2>\n<p data-start=\"230\" data-end=\"724\">Vous cherchez un moyen durable et \u00e9l\u00e9gant de promouvoir votre marque ? Une gourde personnalis\u00e9e est le m\u00e9lange parfait de fonctionnalit\u00e9, de design et d'exposition \u00e0 long terme de votre marque. Chez JDLSOURCING, nous vous aidons \u00e0 cr\u00e9er des bouteilles enti\u00e8rement personnalis\u00e9es qui correspondent \u00e0 l'identit\u00e9 de votre marque tout en soutenant un mode de vie plus respectueux de l'environnement. Que vous planifiez un \u00e9v\u00e9nement, lanciez une campagne de bien-\u00eatre ou recherchiez des cadeaux d'entreprise significatifs, ce produit r\u00e9utilisable transforme l'hydratation quotidienne en visibilit\u00e9 mobile pour votre marque.<\/p>\n<p data-start=\"726\" data-end=\"1135\">Chaque gourde personnalis\u00e9e est fabriqu\u00e9e \u00e0 partir de mat\u00e9riaux de haute qualit\u00e9, sans BPA, tels que l'acier inoxydable, le Tritan\u2122, le PET recycl\u00e9, le verre ou l'aluminium. Vous pouvez choisir parmi diff\u00e9rents formats comme les bouteilles de sport \u00e0 simple paroi, les bouteilles isol\u00e9es \u00e0 double paroi pour conserver la temp\u00e9rature, ou les bouteilles pliables pour plus de commodit\u00e9. Toutes les options sont con\u00e7ues pour un usage fr\u00e9quent et fabriqu\u00e9es sur commande avec des capacit\u00e9s de personnalisation compl\u00e8tes.<\/p>\n<p data-start=\"1137\" data-end=\"1550\">De la taille et de la forme \u00e0 la finition et au type de fermeture, chaque bouteille de marque peut \u00eatre adapt\u00e9e \u00e0 vos pr\u00e9f\u00e9rences. Vous avez le choix entre des bouchons \u00e0 bascule, des bouchons \u00e0 vis, des pailles int\u00e9gr\u00e9es ou des boucles de transport. Utilisez la gravure laser, la s\u00e9rigraphie ou l'impression UV en quadrichromie pour afficher votre logo, votre slogan, votre code QR ou votre \u0153uvre d'art avec un impact durable. Nous proposons \u00e9galement des finitions mates, brillantes, givr\u00e9es ou \u00e0 rev\u00eatement en poudre pour rehausser l'aspect et la sensation.<\/p>\n<h3 data-start=\"1552\" data-end=\"1593\">Pourquoi choisir une bouteille de marque ?<\/h3>\n<ul data-start=\"1595\" data-end=\"1889\">\n<li data-start=\"1595\" data-end=\"1668\">\n<p data-start=\"1597\" data-end=\"1668\">Enti\u00e8rement personnalisable : volume, capuchon, mat\u00e9riau, forme, couleur et marquage.<\/p>\n<\/li>\n<li data-start=\"1669\" data-end=\"1745\">\n<p data-start=\"1671\" data-end=\"1745\">Fabriqu\u00e9 en acier inoxydable, en plastique recycl\u00e9, en Tritan\u2122, en aluminium ou en verre.<\/p>\n<\/li>\n<li data-start=\"1746\" data-end=\"1821\">\n<p data-start=\"1748\" data-end=\"1821\">Id\u00e9al pour les bureaux, les studios de fitness, les \u00e9v\u00e9nements, les \u00e9coles ou les programmes de vente au d\u00e9tail.<\/p>\n<\/li>\n<li data-start=\"1822\" data-end=\"1889\">\n<p data-start=\"1824\" data-end=\"1889\">Encourage un comportement durable tout en maximisant l'exposition de la marque<\/p>\n<\/li>\n<\/ul>\n<p data-start=\"1891\" data-end=\"2044\">Vous cherchez \u00e0 augmenter la valeur et l'utilit\u00e9 de vos produits ? Am\u00e9liorez-les avec des accessoires tels que des manchons en silicone, des couvercles \u00e9tanches, des pinces \u00e0 mousqueton ou des emballages-cadeaux personnalis\u00e9s.<\/p>\n<p data-start=\"2046\" data-end=\"2313\">Associez votre gourde personnalis\u00e9e \u00e0 <a class=\"cursor-pointer\" href=\"https:\/\/jdlsourcing.com\/fr\/product\/gobelet-en-plastique-reutilisable-de-marque\/\" target=\"_new\" rel=\"noopener\" data-start=\"2089\" data-end=\"2185\">gobelets en plastique r\u00e9utilisables de marque<\/a> ou <a class=\"cursor-pointer\" href=\"https:\/\/jdlsourcing.com\/fr\/product\/sac-a-emporter-de-marque\/\" target=\"_new\" rel=\"noopener\" data-start=\"2189\" data-end=\"2268\">sacs \u00e0 emporter personnalis\u00e9s<\/a> pour un kit promotionnel complet et coh\u00e9rent.<\/p>\n<p data-start=\"2315\" data-end=\"2465\">Besoin d'inspiration ? Visitez le site <a class=\"\" href=\"https:\/\/nl.pinterest.com\/search\/pins\/?q=brander%20transparent%20plastic%20water%20bottle%20with%20straw&amp;rs=typed\" target=\"_new\" rel=\"noopener\" data-start=\"2339\" data-end=\"2401\">Pinterest<\/a> pour explorer les marques innovantes de boissons issues de campagnes mondiales.<\/p>\n<p data-start=\"2467\" data-end=\"2626\">Une gourde personnalis\u00e9e est plus qu'un simple objet promotionnel - c'est un rappel quotidien et r\u00e9utilisable de l'engagement de votre marque en mati\u00e8re de design, de qualit\u00e9 et de d\u00e9veloppement durable.<\/p>","protected":false},"excerpt":{"rendered":"<p class=\"\" data-start=\"602\" data-end=\"685\">Une gourde de marque est un moyen r\u00e9utilisable et respectueux de l'environnement de promouvoir votre marque. Id\u00e9ales pour les \u00e9v\u00e9nements, les campagnes de bien-\u00eatre ou les marchandises, ces bouteilles sont enti\u00e8rement personnalisables en termes de style, de mat\u00e9riau et de marque. Choisissez parmi l'acier inoxydable, le Tritan\u2122, le verre ou le plastique recycl\u00e9. Con\u00e7ues pour un usage r\u00e9p\u00e9t\u00e9, elles transforment l'hydratation en exposition de marque \u00e0 long terme.<\/p>","protected":false},"featured_media":2739,"comment_status":"open","ping_status":"closed","template":"","meta":{"_acf_changed":false},"product_brand":[],"product_cat":[25,17],"product_tag":[],"class_list":{"0":"post-2076","1":"product","2":"type-product","3":"status-publish","4":"has-post-thumbnail","6":"product_cat-merchandise","7":"product_cat-uncategorized","9":"first","10":"instock","11":"shipping-taxable","12":"product-type-simple"},"acf":[],"yoast_head":"<!-- This site is optimized with the Yoast SEO plugin v27.3 - https:\/\/yoast.com\/product\/yoast-seo-wordpress\/ -->\n<title>Branded drinking bottle - JDLsourcing<\/title>\n<meta name=\"description\" content=\"Promote your brand sustainably with a branded drinking bottle. Fully customizable and reusable\u2014perfect for events, gifting, or retail.\" \/>\n<meta name=\"robots\" content=\"index, follow, max-snippet:-1, max-image-preview:large, max-video-preview:-1\" \/>\n<link rel=\"canonical\" href=\"https:\/\/jdlsourcing.com\/fr\/product\/bouteille-de-marque\/\" \/>\n<meta property=\"og:locale\" content=\"fr_FR\" \/>\n<meta property=\"og:type\" content=\"article\" \/>\n<meta property=\"og:title\" content=\"Branded drinking bottle - JDLsourcing\" \/>\n<meta property=\"og:description\" content=\"Promote your brand sustainably with a branded drinking bottle. Fully customizable and reusable\u2014perfect for events, gifting, or retail.\" \/>\n<meta property=\"og:url\" content=\"https:\/\/jdlsourcing.com\/fr\/product\/bouteille-de-marque\/\" \/>\n<meta property=\"og:site_name\" content=\"JDLSOURCING\" \/>\n<meta property=\"article:publisher\" content=\"https:\/\/www.facebook.com\/JDLsourcing\/\" \/>\n<meta property=\"article:modified_time\" content=\"2025-12-08T12:23:42+00:00\" \/>\n<meta property=\"og:image\" content=\"https:\/\/jdlsourcing.com\/wp-content\/uploads\/2025\/04\/IMG_9441-1-scaled.webp\" \/>\n\t<meta property=\"og:image:width\" content=\"2560\" \/>\n\t<meta property=\"og:image:height\" content=\"2560\" \/>\n\t<meta property=\"og:image:type\" content=\"image\/webp\" \/>\n<meta name=\"twitter:card\" content=\"summary_large_image\" \/>\n<meta name=\"twitter:label1\" content=\"Dur\u00e9e de lecture estim\u00e9e\" \/>\n\t<meta name=\"twitter:data1\" content=\"2 minutes\" \/>\n<script type=\"application\/ld+json\" class=\"yoast-schema-graph\">{\"@context\":\"https:\\\/\\\/schema.org\",\"@graph\":[{\"@type\":\"WebPage\",\"@id\":\"https:\\\/\\\/jdlsourcing.com\\\/product\\\/branded-drinking-bottle\\\/\",\"url\":\"https:\\\/\\\/jdlsourcing.com\\\/product\\\/branded-drinking-bottle\\\/\",\"name\":\"Branded drinking bottle - JDLsourcing\",\"isPartOf\":{\"@id\":\"https:\\\/\\\/jdlsourcing.com\\\/en\\\/#website\"},\"primaryImageOfPage\":{\"@id\":\"https:\\\/\\\/jdlsourcing.com\\\/product\\\/branded-drinking-bottle\\\/#primaryimage\"},\"image\":{\"@id\":\"https:\\\/\\\/jdlsourcing.com\\\/product\\\/branded-drinking-bottle\\\/#primaryimage\"},\"thumbnailUrl\":\"https:\\\/\\\/jdlsourcing.com\\\/wp-content\\\/uploads\\\/2025\\\/04\\\/IMG_9441-1-scaled.webp\",\"datePublished\":\"2025-04-14T13:35:22+00:00\",\"dateModified\":\"2025-12-08T12:23:42+00:00\",\"description\":\"Promote your brand sustainably with a branded drinking bottle. Fully customizable and reusable\u2014perfect for events, gifting, or retail.\",\"breadcrumb\":{\"@id\":\"https:\\\/\\\/jdlsourcing.com\\\/product\\\/branded-drinking-bottle\\\/#breadcrumb\"},\"inLanguage\":\"fr-FR\",\"potentialAction\":[{\"@type\":\"ReadAction\",\"target\":[\"https:\\\/\\\/jdlsourcing.com\\\/product\\\/branded-drinking-bottle\\\/\"]}]},{\"@type\":\"ImageObject\",\"inLanguage\":\"fr-FR\",\"@id\":\"https:\\\/\\\/jdlsourcing.com\\\/product\\\/branded-drinking-bottle\\\/#primaryimage\",\"url\":\"https:\\\/\\\/jdlsourcing.com\\\/wp-content\\\/uploads\\\/2025\\\/04\\\/IMG_9441-1-scaled.webp\",\"contentUrl\":\"https:\\\/\\\/jdlsourcing.com\\\/wp-content\\\/uploads\\\/2025\\\/04\\\/IMG_9441-1-scaled.webp\",\"width\":2560,\"height\":2560,\"caption\":\"branded drinking bottle\"},{\"@type\":\"BreadcrumbList\",\"@id\":\"https:\\\/\\\/jdlsourcing.com\\\/product\\\/branded-drinking-bottle\\\/#breadcrumb\",\"itemListElement\":[{\"@type\":\"ListItem\",\"position\":1,\"name\":\"Home\",\"item\":\"https:\\\/\\\/jdlsourcing.com\\\/\"},{\"@type\":\"ListItem\",\"position\":2,\"name\":\"Shop\",\"item\":\"https:\\\/\\\/jdlsourcing.com\\\/nl\\\/shop\\\/\"},{\"@type\":\"ListItem\",\"position\":3,\"name\":\"Drinking bottle\"}]},{\"@type\":\"WebSite\",\"@id\":\"https:\\\/\\\/jdlsourcing.com\\\/en\\\/#website\",\"url\":\"https:\\\/\\\/jdlsourcing.com\\\/en\\\/\",\"name\":\"JDLSOURCING\",\"description\":\"Global Sourcing &amp; Manufacturing\",\"publisher\":{\"@id\":\"https:\\\/\\\/jdlsourcing.com\\\/en\\\/#organization\"},\"potentialAction\":[{\"@type\":\"SearchAction\",\"target\":{\"@type\":\"EntryPoint\",\"urlTemplate\":\"https:\\\/\\\/jdlsourcing.com\\\/en\\\/?s={search_term_string}\"},\"query-input\":{\"@type\":\"PropertyValueSpecification\",\"valueRequired\":true,\"valueName\":\"search_term_string\"}}],\"inLanguage\":\"fr-FR\"},{\"@type\":\"Organization\",\"@id\":\"https:\\\/\\\/jdlsourcing.com\\\/en\\\/#organization\",\"name\":\"JDL Sourcing\",\"url\":\"https:\\\/\\\/jdlsourcing.com\\\/en\\\/\",\"logo\":{\"@type\":\"ImageObject\",\"inLanguage\":\"fr-FR\",\"@id\":\"https:\\\/\\\/jdlsourcing.com\\\/en\\\/#\\\/schema\\\/logo\\\/image\\\/\",\"url\":\"https:\\\/\\\/jdlsourcing.com\\\/wp-content\\\/uploads\\\/2025\\\/05\\\/Traced-Image.svg\",\"contentUrl\":\"https:\\\/\\\/jdlsourcing.com\\\/wp-content\\\/uploads\\\/2025\\\/05\\\/Traced-Image.svg\",\"width\":56,\"height\":56,\"caption\":\"JDL Sourcing\"},\"image\":{\"@id\":\"https:\\\/\\\/jdlsourcing.com\\\/en\\\/#\\\/schema\\\/logo\\\/image\\\/\"},\"sameAs\":[\"https:\\\/\\\/www.facebook.com\\\/JDLsourcing\\\/\",\"https:\\\/\\\/www.linkedin.com\\\/company\\\/jdlsourcing\\\/\",\"https:\\\/\\\/www.instagram.com\\\/jdlsourcing\\\/\"]}]}<\/script>\n<!-- \/ Yoast SEO plugin. -->","yoast_head_json":{"title":"Bouteille de marque - JDLsourcing","description":"Faites la promotion de votre marque de mani\u00e8re durable avec une gourde de marque. Enti\u00e8rement personnalisable et r\u00e9utilisable, elle est parfaite pour les \u00e9v\u00e9nements, les cadeaux ou la vente au d\u00e9tail.","robots":{"index":"index","follow":"follow","max-snippet":"max-snippet:-1","max-image-preview":"max-image-preview:large","max-video-preview":"max-video-preview:-1"},"canonical":"https:\/\/jdlsourcing.com\/fr\/product\/bouteille-de-marque\/","og_locale":"fr_FR","og_type":"article","og_title":"Branded drinking bottle - JDLsourcing","og_description":"Promote your brand sustainably with a branded drinking bottle. Fully customizable and reusable\u2014perfect for events, gifting, or retail.","og_url":"https:\/\/jdlsourcing.com\/fr\/product\/bouteille-de-marque\/","og_site_name":"JDLSOURCING","article_publisher":"https:\/\/www.facebook.com\/JDLsourcing\/","article_modified_time":"2025-12-08T12:23:42+00:00","og_image":[{"width":2560,"height":2560,"url":"https:\/\/jdlsourcing.com\/wp-content\/uploads\/2025\/04\/IMG_9441-1-scaled.webp","type":"image\/webp"}],"twitter_card":"summary_large_image","twitter_misc":{"Dur\u00e9e de lecture estim\u00e9e":"2 minutes"},"schema":{"@context":"https:\/\/schema.org","@graph":[{"@type":"WebPage","@id":"https:\/\/jdlsourcing.com\/product\/branded-drinking-bottle\/","url":"https:\/\/jdlsourcing.com\/product\/branded-drinking-bottle\/","name":"Bouteille de marque - JDLsourcing","isPartOf":{"@id":"https:\/\/jdlsourcing.com\/en\/#website"},"primaryImageOfPage":{"@id":"https:\/\/jdlsourcing.com\/product\/branded-drinking-bottle\/#primaryimage"},"image":{"@id":"https:\/\/jdlsourcing.com\/product\/branded-drinking-bottle\/#primaryimage"},"thumbnailUrl":"https:\/\/jdlsourcing.com\/wp-content\/uploads\/2025\/04\/IMG_9441-1-scaled.webp","datePublished":"2025-04-14T13:35:22+00:00","dateModified":"2025-12-08T12:23:42+00:00","description":"Faites la promotion de votre marque de mani\u00e8re durable avec une gourde de marque. Enti\u00e8rement personnalisable et r\u00e9utilisable, elle est parfaite pour les \u00e9v\u00e9nements, les cadeaux ou la vente au d\u00e9tail.","breadcrumb":{"@id":"https:\/\/jdlsourcing.com\/product\/branded-drinking-bottle\/#breadcrumb"},"inLanguage":"fr-FR","potentialAction":[{"@type":"ReadAction","target":["https:\/\/jdlsourcing.com\/product\/branded-drinking-bottle\/"]}]},{"@type":"ImageObject","inLanguage":"fr-FR","@id":"https:\/\/jdlsourcing.com\/product\/branded-drinking-bottle\/#primaryimage","url":"https:\/\/jdlsourcing.com\/wp-content\/uploads\/2025\/04\/IMG_9441-1-scaled.webp","contentUrl":"https:\/\/jdlsourcing.com\/wp-content\/uploads\/2025\/04\/IMG_9441-1-scaled.webp","width":2560,"height":2560,"caption":"branded drinking bottle"},{"@type":"BreadcrumbList","@id":"https:\/\/jdlsourcing.com\/product\/branded-drinking-bottle\/#breadcrumb","itemListElement":[{"@type":"ListItem","position":1,"name":"Home","item":"https:\/\/jdlsourcing.com\/"},{"@type":"ListItem","position":2,"name":"Shop","item":"https:\/\/jdlsourcing.com\/nl\/shop\/"},{"@type":"ListItem","position":3,"name":"Drinking bottle"}]},{"@type":"WebSite","@id":"https:\/\/jdlsourcing.com\/en\/#website","url":"https:\/\/jdlsourcing.com\/en\/","name":"JDLSOURCING","description":"Approvisionnement et fabrication \u00e0 l'\u00e9chelle mondiale","publisher":{"@id":"https:\/\/jdlsourcing.com\/en\/#organization"},"potentialAction":[{"@type":"SearchAction","target":{"@type":"EntryPoint","urlTemplate":"https:\/\/jdlsourcing.com\/en\/?s={search_term_string}"},"query-input":{"@type":"PropertyValueSpecification","valueRequired":true,"valueName":"search_term_string"}}],"inLanguage":"fr-FR"},{"@type":"Organization","@id":"https:\/\/jdlsourcing.com\/en\/#organization","name":"JDL Sourcing","url":"https:\/\/jdlsourcing.com\/en\/","logo":{"@type":"ImageObject","inLanguage":"fr-FR","@id":"https:\/\/jdlsourcing.com\/en\/#\/schema\/logo\/image\/","url":"https:\/\/jdlsourcing.com\/wp-content\/uploads\/2025\/05\/Traced-Image.svg","contentUrl":"https:\/\/jdlsourcing.com\/wp-content\/uploads\/2025\/05\/Traced-Image.svg","width":56,"height":56,"caption":"JDL Sourcing"},"image":{"@id":"https:\/\/jdlsourcing.com\/en\/#\/schema\/logo\/image\/"},"sameAs":["https:\/\/www.facebook.com\/JDLsourcing\/","https:\/\/www.linkedin.com\/company\/jdlsourcing\/","https:\/\/www.instagram.com\/jdlsourcing\/"]}]}},"_links":{"self":[{"href":"https:\/\/jdlsourcing.com\/fr\/wp-json\/wp\/v2\/product\/2076","targetHints":{"allow":["GET"]}}],"collection":[{"href":"https:\/\/jdlsourcing.com\/fr\/wp-json\/wp\/v2\/product"}],"about":[{"href":"https:\/\/jdlsourcing.com\/fr\/wp-json\/wp\/v2\/types\/product"}],"replies":[{"embeddable":true,"href":"https:\/\/jdlsourcing.com\/fr\/wp-json\/wp\/v2\/comments?post=2076"}],"wp:featuredmedia":[{"embeddable":true,"href":"https:\/\/jdlsourcing.com\/fr\/wp-json\/wp\/v2\/media\/2739"}],"wp:attachment":[{"href":"https:\/\/jdlsourcing.com\/fr\/wp-json\/wp\/v2\/media?parent=2076"}],"wp:term":[{"taxonomy":"product_brand","embeddable":true,"href":"https:\/\/jdlsourcing.com\/fr\/wp-json\/wp\/v2\/product_brand?post=2076"},{"taxonomy":"product_cat","embeddable":true,"href":"https:\/\/jdlsourcing.com\/fr\/wp-json\/wp\/v2\/product_cat?post=2076"},{"taxonomy":"product_tag","embeddable":true,"href":"https:\/\/jdlsourcing.com\/fr\/wp-json\/wp\/v2\/product_tag?post=2076"}],"curies":[{"name":"wp","href":"https:\/\/api.w.org\/{rel}","templated":true}]}}