{"id":2057,"date":"2025-04-14T11:37:01","date_gmt":"2025-04-14T11:37:01","guid":{"rendered":"https:\/\/jdlsourcing.com\/?post_type=product&#038;p=2057"},"modified":"2025-06-10T12:16:44","modified_gmt":"2025-06-10T12:16:44","slug":"chaises-dexterieur-pliantes-de-marque","status":"publish","type":"product","link":"https:\/\/jdlsourcing.com\/fr\/product\/branded-foldable-outdoor-chairs\/","title":{"rendered":"Chaises d'ext\u00e9rieur pliables"},"content":{"rendered":"<h2 data-start=\"355\" data-end=\"389\">Chaises pliantes de marque pour l'ext\u00e9rieur<\/h2>\n<p data-start=\"391\" data-end=\"905\">Vous cherchez un moyen l\u00e9ger et portable de rehausser votre image de marque \u00e0 l'ext\u00e9rieur ? Les chaises pliantes personnalis\u00e9es pour l'ext\u00e9rieur offrent un m\u00e9lange parfait de visibilit\u00e9, de confort et de praticit\u00e9 pour tous les types d'\u00e9v\u00e9nements. Chez JDLSOURCING, nous vous aidons \u00e0 cr\u00e9er des chaises pliantes enti\u00e8rement personnalis\u00e9es qui refl\u00e8tent l'identit\u00e9 de votre marque tout en offrant une solution d'assise fonctionnelle. Qu'il s'agisse d'un festival, d'une activation sportive ou d'un \u00e9v\u00e9nement promotionnel, ces chaises permettent de mettre en avant votre marque \u00e0 chaque fois que quelqu'un s'assoit.<\/p>\n<p data-start=\"907\" data-end=\"1294\">Chaque chaise est con\u00e7ue dans un souci de confort et de durabilit\u00e9. Vous avez le choix entre des ch\u00e2ssis en aluminium ou en acier rev\u00eatu de poudre pour une r\u00e9sistance l\u00e9g\u00e8re. Les si\u00e8ges sont en polyester r\u00e9sistant \u00e0 l'eau ou en tissu maille, et chaque \u00e9l\u00e9ment est enti\u00e8rement personnalisable. Vous pouvez s\u00e9lectionner la couleur de la chaise, la finition du cadre et la texture du tissu, tout en ajoutant votre logo, votre slogan ou votre dessin en s\u00e9rigraphie ou en sublimation.<\/p>\n<h3 data-start=\"1296\" data-end=\"1343\">Pourquoi choisir les chaises pliantes d'ext\u00e9rieur avec marque ?<\/h3>\n<ul data-start=\"1345\" data-end=\"1645\">\n<li data-start=\"1345\" data-end=\"1423\">\n<p data-start=\"1347\" data-end=\"1423\">Enti\u00e8rement personnalisable : emplacement du logo, cadre, tissu, couleur et m\u00e9thode d'impression.<\/p>\n<\/li>\n<li data-start=\"1424\" data-end=\"1490\">\n<p data-start=\"1426\" data-end=\"1490\">L\u00e9ger et portable : se plie facilement dans des sacs de transport compacts<\/p>\n<\/li>\n<li data-start=\"1491\" data-end=\"1553\">\n<p data-start=\"1493\" data-end=\"1553\">Fabriqu\u00e9 \u00e0 partir de mat\u00e9riaux r\u00e9sistants aux intemp\u00e9ries pour une utilisation ext\u00e9rieure de longue dur\u00e9e<\/p>\n<\/li>\n<li data-start=\"1554\" data-end=\"1645\">\n<p data-start=\"1556\" data-end=\"1645\">Id\u00e9al pour les festivals, les \u00e9v\u00e9nements sportifs, les activations de marque, les pr\u00e9sentoirs de vente au d\u00e9tail et l'h\u00f4tellerie.<\/p>\n<\/li>\n<\/ul>\n<p data-start=\"1647\" data-end=\"1938\">Pour aller plus loin, vous pouvez ajouter \u00e0 vos chaises pliantes d'ext\u00e9rieur des caract\u00e9ristiques telles que des porte-gobelets int\u00e9gr\u00e9s, des poches de rangement ou des appuis-t\u00eate rembourr\u00e9s. Ces ajouts am\u00e9liorent l'exp\u00e9rience de l'utilisateur et augmentent les chances que votre chaise soit r\u00e9utilis\u00e9e, ce qui renforce l'exposition r\u00e9p\u00e9t\u00e9e de votre marque.<\/p>\n<p data-start=\"1940\" data-end=\"2227\">Associez vos chaises d'ext\u00e9rieur pliantes personnalis\u00e9es avec <a class=\"cursor-pointer\" href=\"https:\/\/jdlsourcing.com\/fr\/product\/parapluie-de-marque\/\" target=\"_new\" rel=\"noopener\" data-start=\"1991\" data-end=\"2073\">parapluies personnalis\u00e9s<\/a> ou <a class=\"cursor-pointer\" href=\"https:\/\/jdlsourcing.com\/fr\/product\/#merch\" target=\"_new\" rel=\"noopener\" data-start=\"2077\" data-end=\"2161\">produits de marque<\/a> pour cr\u00e9er une installation ext\u00e9rieure compl\u00e8te, coh\u00e9rente et percutante.<\/p>\n<p data-start=\"2229\" data-end=\"2409\">Besoin d'id\u00e9es plus cr\u00e9atives ? Explorez <a class=\"\" href=\"https:\/\/nl.pinterest.com\/search\/pins\/?q=Branded%20Foldable%20Outdoor%20Chairs&amp;rs=typed\" target=\"_new\" rel=\"noopener\" data-start=\"2263\" data-end=\"2324\">Pinterest<\/a> pour voir comment d'autres marques utilisent des produits de style de vie pour se rapprocher de leur public.<\/p>\n<p data-start=\"2411\" data-end=\"2558\">Une chaise d'ext\u00e9rieur pliante personnalis\u00e9e offre plus qu'un simple si\u00e8ge - c'est un panneau d'affichage mobile et portable qui permet \u00e0 votre marque de rester ancr\u00e9e dans le confort et la visibilit\u00e9 \u00e0 fort impact.<\/p>","protected":false},"excerpt":{"rendered":"<p data-start=\"2607\" data-end=\"2963\">Les chaises d'ext\u00e9rieur pliables de JDLSOURCING offrent confort, commodit\u00e9 et une exposition de marque remarquable. Parfaites pour les festivals, les activit\u00e9s et les cadeaux promotionnels, elles sont fabriqu\u00e9es \u00e0 partir de mat\u00e9riaux durables et r\u00e9sistants aux intemp\u00e9ries. Personnalisez le tissu, la couleur et le cadre pour qu'ils correspondent \u00e0 l'identit\u00e9 de votre marque. Faciles \u00e0 plier et \u00e0 transporter, ils sont con\u00e7us pour \u00eatre visibles en d\u00e9placement.<\/p>","protected":false},"featured_media":2654,"comment_status":"open","ping_status":"closed","template":"","meta":{"_acf_changed":false},"product_brand":[],"product_cat":[25,45,17],"product_tag":[],"class_list":{"0":"post-2057","1":"product","2":"type-product","3":"status-publish","4":"has-post-thumbnail","6":"product_cat-merchandise","7":"product_cat-premiums-2","8":"product_cat-uncategorized","10":"first","11":"instock","12":"shipping-taxable","13":"product-type-simple"},"acf":[],"yoast_head":"<!-- This site is optimized with the Yoast SEO plugin v27.3 - https:\/\/yoast.com\/product\/yoast-seo-wordpress\/ -->\n<title>Branded foldable outdoor chairs - JDLsourcing<\/title>\n<meta name=\"description\" content=\"Create branded foldable outdoor chairs with JDLSOURCING\u2014lightweight, durable, and customizable. Promote your brand every time someone sits.\" \/>\n<meta name=\"robots\" content=\"index, follow, max-snippet:-1, max-image-preview:large, max-video-preview:-1\" \/>\n<link rel=\"canonical\" href=\"https:\/\/jdlsourcing.com\/fr\/product\/chaises-dexterieur-pliantes-de-marque\/\" \/>\n<meta property=\"og:locale\" content=\"fr_FR\" \/>\n<meta property=\"og:type\" content=\"article\" \/>\n<meta property=\"og:title\" content=\"Branded foldable outdoor chairs - JDLsourcing\" \/>\n<meta property=\"og:description\" content=\"Create branded foldable outdoor chairs with JDLSOURCING\u2014lightweight, durable, and customizable. Promote your brand every time someone sits.\" \/>\n<meta property=\"og:url\" content=\"https:\/\/jdlsourcing.com\/fr\/product\/chaises-dexterieur-pliantes-de-marque\/\" \/>\n<meta property=\"og:site_name\" content=\"JDLSOURCING\" \/>\n<meta property=\"article:publisher\" content=\"https:\/\/www.facebook.com\/JDLsourcing\/\" \/>\n<meta property=\"article:modified_time\" content=\"2025-06-10T12:16:44+00:00\" \/>\n<meta property=\"og:image\" content=\"https:\/\/jdlsourcing.com\/wp-content\/uploads\/2025\/04\/Screenshot-2025-04-17-at-12.19.57\u202fPM-1-1-1-1-scaled.webp\" \/>\n\t<meta property=\"og:image:width\" content=\"2262\" \/>\n\t<meta property=\"og:image:height\" content=\"2560\" \/>\n\t<meta property=\"og:image:type\" content=\"image\/webp\" \/>\n<meta name=\"twitter:card\" content=\"summary_large_image\" \/>\n<meta name=\"twitter:label1\" content=\"Dur\u00e9e de lecture estim\u00e9e\" \/>\n\t<meta name=\"twitter:data1\" content=\"2 minutes\" \/>\n<script type=\"application\/ld+json\" class=\"yoast-schema-graph\">{\"@context\":\"https:\\\/\\\/schema.org\",\"@graph\":[{\"@type\":\"WebPage\",\"@id\":\"https:\\\/\\\/jdlsourcing.com\\\/en\\\/product\\\/branded-foldable-outdoor-chairs\\\/\",\"url\":\"https:\\\/\\\/jdlsourcing.com\\\/en\\\/product\\\/branded-foldable-outdoor-chairs\\\/\",\"name\":\"Branded foldable outdoor chairs - JDLsourcing\",\"isPartOf\":{\"@id\":\"https:\\\/\\\/jdlsourcing.com\\\/en\\\/#website\"},\"primaryImageOfPage\":{\"@id\":\"https:\\\/\\\/jdlsourcing.com\\\/en\\\/product\\\/branded-foldable-outdoor-chairs\\\/#primaryimage\"},\"image\":{\"@id\":\"https:\\\/\\\/jdlsourcing.com\\\/en\\\/product\\\/branded-foldable-outdoor-chairs\\\/#primaryimage\"},\"thumbnailUrl\":\"https:\\\/\\\/jdlsourcing.com\\\/wp-content\\\/uploads\\\/2025\\\/04\\\/Screenshot-2025-04-17-at-12.19.57\u202fPM-1-1-1-1-scaled.webp\",\"datePublished\":\"2025-04-14T11:37:01+00:00\",\"dateModified\":\"2025-06-10T12:16:44+00:00\",\"description\":\"Create branded foldable outdoor chairs with JDLSOURCING\u2014lightweight, durable, and customizable. Promote your brand every time someone sits.\",\"breadcrumb\":{\"@id\":\"https:\\\/\\\/jdlsourcing.com\\\/en\\\/product\\\/branded-foldable-outdoor-chairs\\\/#breadcrumb\"},\"inLanguage\":\"fr-FR\",\"potentialAction\":[{\"@type\":\"ReadAction\",\"target\":[\"https:\\\/\\\/jdlsourcing.com\\\/en\\\/product\\\/branded-foldable-outdoor-chairs\\\/\"]}]},{\"@type\":\"ImageObject\",\"inLanguage\":\"fr-FR\",\"@id\":\"https:\\\/\\\/jdlsourcing.com\\\/en\\\/product\\\/branded-foldable-outdoor-chairs\\\/#primaryimage\",\"url\":\"https:\\\/\\\/jdlsourcing.com\\\/wp-content\\\/uploads\\\/2025\\\/04\\\/Screenshot-2025-04-17-at-12.19.57\u202fPM-1-1-1-1-scaled.webp\",\"contentUrl\":\"https:\\\/\\\/jdlsourcing.com\\\/wp-content\\\/uploads\\\/2025\\\/04\\\/Screenshot-2025-04-17-at-12.19.57\u202fPM-1-1-1-1-scaled.webp\",\"width\":2262,\"height\":2560,\"caption\":\"branded foldable outdoor chairs\"},{\"@type\":\"BreadcrumbList\",\"@id\":\"https:\\\/\\\/jdlsourcing.com\\\/en\\\/product\\\/branded-foldable-outdoor-chairs\\\/#breadcrumb\",\"itemListElement\":[{\"@type\":\"ListItem\",\"position\":1,\"name\":\"Home\",\"item\":\"https:\\\/\\\/jdlsourcing.com\\\/\"},{\"@type\":\"ListItem\",\"position\":2,\"name\":\"Shop\",\"item\":\"https:\\\/\\\/jdlsourcing.com\\\/nl\\\/shop\\\/\"},{\"@type\":\"ListItem\",\"position\":3,\"name\":\"Foldable outdoor chairs\"}]},{\"@type\":\"WebSite\",\"@id\":\"https:\\\/\\\/jdlsourcing.com\\\/en\\\/#website\",\"url\":\"https:\\\/\\\/jdlsourcing.com\\\/en\\\/\",\"name\":\"JDLSOURCING\",\"description\":\"Global Sourcing &amp; Manufacturing\",\"publisher\":{\"@id\":\"https:\\\/\\\/jdlsourcing.com\\\/en\\\/#organization\"},\"potentialAction\":[{\"@type\":\"SearchAction\",\"target\":{\"@type\":\"EntryPoint\",\"urlTemplate\":\"https:\\\/\\\/jdlsourcing.com\\\/en\\\/?s={search_term_string}\"},\"query-input\":{\"@type\":\"PropertyValueSpecification\",\"valueRequired\":true,\"valueName\":\"search_term_string\"}}],\"inLanguage\":\"fr-FR\"},{\"@type\":\"Organization\",\"@id\":\"https:\\\/\\\/jdlsourcing.com\\\/en\\\/#organization\",\"name\":\"JDL Sourcing\",\"url\":\"https:\\\/\\\/jdlsourcing.com\\\/en\\\/\",\"logo\":{\"@type\":\"ImageObject\",\"inLanguage\":\"fr-FR\",\"@id\":\"https:\\\/\\\/jdlsourcing.com\\\/en\\\/#\\\/schema\\\/logo\\\/image\\\/\",\"url\":\"https:\\\/\\\/jdlsourcing.com\\\/wp-content\\\/uploads\\\/2025\\\/05\\\/Traced-Image.svg\",\"contentUrl\":\"https:\\\/\\\/jdlsourcing.com\\\/wp-content\\\/uploads\\\/2025\\\/05\\\/Traced-Image.svg\",\"width\":56,\"height\":56,\"caption\":\"JDL Sourcing\"},\"image\":{\"@id\":\"https:\\\/\\\/jdlsourcing.com\\\/en\\\/#\\\/schema\\\/logo\\\/image\\\/\"},\"sameAs\":[\"https:\\\/\\\/www.facebook.com\\\/JDLsourcing\\\/\",\"https:\\\/\\\/www.linkedin.com\\\/company\\\/jdlsourcing\\\/\",\"https:\\\/\\\/www.instagram.com\\\/jdlsourcing\\\/\"]}]}<\/script>\n<!-- \/ Yoast SEO plugin. -->","yoast_head_json":{"title":"Chaises d'ext\u00e9rieur pliantes de marque - JDLsourcing","description":"Cr\u00e9ez des chaises d'ext\u00e9rieur pliables avec JDLSOURCING - l\u00e9g\u00e8res, durables et personnalisables. Faites la promotion de votre marque \u00e0 chaque fois que quelqu'un s'assoit.","robots":{"index":"index","follow":"follow","max-snippet":"max-snippet:-1","max-image-preview":"max-image-preview:large","max-video-preview":"max-video-preview:-1"},"canonical":"https:\/\/jdlsourcing.com\/fr\/product\/chaises-dexterieur-pliantes-de-marque\/","og_locale":"fr_FR","og_type":"article","og_title":"Branded foldable outdoor chairs - JDLsourcing","og_description":"Create branded foldable outdoor chairs with JDLSOURCING\u2014lightweight, durable, and customizable. Promote your brand every time someone sits.","og_url":"https:\/\/jdlsourcing.com\/fr\/product\/chaises-dexterieur-pliantes-de-marque\/","og_site_name":"JDLSOURCING","article_publisher":"https:\/\/www.facebook.com\/JDLsourcing\/","article_modified_time":"2025-06-10T12:16:44+00:00","og_image":[{"width":2262,"height":2560,"url":"https:\/\/jdlsourcing.com\/wp-content\/uploads\/2025\/04\/Screenshot-2025-04-17-at-12.19.57\u202fPM-1-1-1-1-scaled.webp","type":"image\/webp"}],"twitter_card":"summary_large_image","twitter_misc":{"Dur\u00e9e de lecture estim\u00e9e":"2 minutes"},"schema":{"@context":"https:\/\/schema.org","@graph":[{"@type":"WebPage","@id":"https:\/\/jdlsourcing.com\/en\/product\/branded-foldable-outdoor-chairs\/","url":"https:\/\/jdlsourcing.com\/en\/product\/branded-foldable-outdoor-chairs\/","name":"Chaises d'ext\u00e9rieur pliantes de marque - JDLsourcing","isPartOf":{"@id":"https:\/\/jdlsourcing.com\/en\/#website"},"primaryImageOfPage":{"@id":"https:\/\/jdlsourcing.com\/en\/product\/branded-foldable-outdoor-chairs\/#primaryimage"},"image":{"@id":"https:\/\/jdlsourcing.com\/en\/product\/branded-foldable-outdoor-chairs\/#primaryimage"},"thumbnailUrl":"https:\/\/jdlsourcing.com\/wp-content\/uploads\/2025\/04\/Screenshot-2025-04-17-at-12.19.57\u202fPM-1-1-1-1-scaled.webp","datePublished":"2025-04-14T11:37:01+00:00","dateModified":"2025-06-10T12:16:44+00:00","description":"Cr\u00e9ez des chaises d'ext\u00e9rieur pliables avec JDLSOURCING - l\u00e9g\u00e8res, durables et personnalisables. Faites la promotion de votre marque \u00e0 chaque fois que quelqu'un s'assoit.","breadcrumb":{"@id":"https:\/\/jdlsourcing.com\/en\/product\/branded-foldable-outdoor-chairs\/#breadcrumb"},"inLanguage":"fr-FR","potentialAction":[{"@type":"ReadAction","target":["https:\/\/jdlsourcing.com\/en\/product\/branded-foldable-outdoor-chairs\/"]}]},{"@type":"ImageObject","inLanguage":"fr-FR","@id":"https:\/\/jdlsourcing.com\/en\/product\/branded-foldable-outdoor-chairs\/#primaryimage","url":"https:\/\/jdlsourcing.com\/wp-content\/uploads\/2025\/04\/Screenshot-2025-04-17-at-12.19.57\u202fPM-1-1-1-1-scaled.webp","contentUrl":"https:\/\/jdlsourcing.com\/wp-content\/uploads\/2025\/04\/Screenshot-2025-04-17-at-12.19.57\u202fPM-1-1-1-1-scaled.webp","width":2262,"height":2560,"caption":"branded foldable outdoor chairs"},{"@type":"BreadcrumbList","@id":"https:\/\/jdlsourcing.com\/en\/product\/branded-foldable-outdoor-chairs\/#breadcrumb","itemListElement":[{"@type":"ListItem","position":1,"name":"Home","item":"https:\/\/jdlsourcing.com\/"},{"@type":"ListItem","position":2,"name":"Shop","item":"https:\/\/jdlsourcing.com\/nl\/shop\/"},{"@type":"ListItem","position":3,"name":"Foldable outdoor chairs"}]},{"@type":"WebSite","@id":"https:\/\/jdlsourcing.com\/en\/#website","url":"https:\/\/jdlsourcing.com\/en\/","name":"JDLSOURCING","description":"Approvisionnement et fabrication \u00e0 l'\u00e9chelle mondiale","publisher":{"@id":"https:\/\/jdlsourcing.com\/en\/#organization"},"potentialAction":[{"@type":"SearchAction","target":{"@type":"EntryPoint","urlTemplate":"https:\/\/jdlsourcing.com\/en\/?s={search_term_string}"},"query-input":{"@type":"PropertyValueSpecification","valueRequired":true,"valueName":"search_term_string"}}],"inLanguage":"fr-FR"},{"@type":"Organization","@id":"https:\/\/jdlsourcing.com\/en\/#organization","name":"JDL Sourcing","url":"https:\/\/jdlsourcing.com\/en\/","logo":{"@type":"ImageObject","inLanguage":"fr-FR","@id":"https:\/\/jdlsourcing.com\/en\/#\/schema\/logo\/image\/","url":"https:\/\/jdlsourcing.com\/wp-content\/uploads\/2025\/05\/Traced-Image.svg","contentUrl":"https:\/\/jdlsourcing.com\/wp-content\/uploads\/2025\/05\/Traced-Image.svg","width":56,"height":56,"caption":"JDL Sourcing"},"image":{"@id":"https:\/\/jdlsourcing.com\/en\/#\/schema\/logo\/image\/"},"sameAs":["https:\/\/www.facebook.com\/JDLsourcing\/","https:\/\/www.linkedin.com\/company\/jdlsourcing\/","https:\/\/www.instagram.com\/jdlsourcing\/"]}]}},"_links":{"self":[{"href":"https:\/\/jdlsourcing.com\/fr\/wp-json\/wp\/v2\/product\/2057","targetHints":{"allow":["GET"]}}],"collection":[{"href":"https:\/\/jdlsourcing.com\/fr\/wp-json\/wp\/v2\/product"}],"about":[{"href":"https:\/\/jdlsourcing.com\/fr\/wp-json\/wp\/v2\/types\/product"}],"replies":[{"embeddable":true,"href":"https:\/\/jdlsourcing.com\/fr\/wp-json\/wp\/v2\/comments?post=2057"}],"wp:featuredmedia":[{"embeddable":true,"href":"https:\/\/jdlsourcing.com\/fr\/wp-json\/wp\/v2\/media\/2654"}],"wp:attachment":[{"href":"https:\/\/jdlsourcing.com\/fr\/wp-json\/wp\/v2\/media?parent=2057"}],"wp:term":[{"taxonomy":"product_brand","embeddable":true,"href":"https:\/\/jdlsourcing.com\/fr\/wp-json\/wp\/v2\/product_brand?post=2057"},{"taxonomy":"product_cat","embeddable":true,"href":"https:\/\/jdlsourcing.com\/fr\/wp-json\/wp\/v2\/product_cat?post=2057"},{"taxonomy":"product_tag","embeddable":true,"href":"https:\/\/jdlsourcing.com\/fr\/wp-json\/wp\/v2\/product_tag?post=2057"}],"curies":[{"name":"wp","href":"https:\/\/api.w.org\/{rel}","templated":true}]}}